{"id":749,"date":"2021-01-05T14:12:44","date_gmt":"2021-01-05T13:12:44","guid":{"rendered":"https:\/\/shopium.eu\/hu\/?page_id=749"},"modified":"2023-09-15T13:27:03","modified_gmt":"2023-09-15T11:27:03","slug":"cookie-szabalyzat","status":"publish","type":"page","link":"https:\/\/cartium.eu\/hu\/cookie-szabalyzat\/","title":{"rendered":"Cookie-szab\u00e1lyzat"},"content":{"rendered":"<p>A ECTCEU d.o.o. v\u00e1llalat tiszteletben tartja \u00e9s v\u00e9di az \u00d6n szem\u00e9lyes adatait. Az al\u00e1bbiakban r\u00e9szletesen olvashat arr\u00f3l, hogyan kezelj\u00fck az \u00d6n szem\u00e9lyes adatait. Ez a Cookie-szab\u00e1lyzat a cookie-k \u00e9s m\u00e1s hasonl\u00f3 technol\u00f3gi\u00e1k \u00e1ltal gy\u0171jt\u00f6tt adatok kezel\u00e9s\u00e9t ismerteti. Ez a szab\u00e1lyzat az Eur\u00f3pai Uni\u00f3 \u00e1ltal\u00e1nos adatv\u00e9delmi rendelet\u00e9vel \u00e9s az \u00e9rv\u00e9nyes szlov\u00e9n jogszab\u00e1lyokkal \u00f6sszhangban k\u00e9sz\u00fclt.<\/p>\n<p><strong>1. A cookie-kr\u00f3l<br \/>\n<\/strong>Mik azok a cookie-k, \u00e9s mi\u00e9rt van r\u00e1juk sz\u00fcks\u00e9g?<br \/>\nA cookie olyan kis m\u00e9ret\u0171 adat, amelyet a megl\u00e1togatott webhely k\u00fcld a b\u00f6ng\u00e9sz\u0151j\u00e9nek. \u00cdgy ismeri fel \u00d6nt a webhely, amely elt\u00e1rolja a legut\u00f3bbi l\u00e1togat\u00e1s\u00e1val kapcsolatos inform\u00e1ci\u00f3kat, illetve felhaszn\u00e1l\u00f3bar\u00e1t \u00e9s egyszer\u0171 b\u00f6ng\u00e9sz\u00e9si szolg\u00e1ltat\u00e1st biztos\u00edt. A cookie-k seg\u00edts\u00e9g\u00e9vel a webhely\u00fcnk tartalma szem\u00e9lyre szabhat\u00f3, megjegyzi a szem\u00e9lyes be\u00e1ll\u00edt\u00e1sokat \u00e9s a webhelyen tett l\u00e1togat\u00e1sokat. A cookie-k a webhely\u00fcnk\u00f6n t\u00f6rt\u00e9n\u0151 b\u00f6ng\u00e9sz\u00e9st k\u00e9nyelmess\u00e9, gyorss\u00e1 \u00e9s mindenekel\u0151tt hat\u00e9konyabb\u00e1 teszik.<\/p>\n<p><strong>2. Az \u00e1ltalunk haszn\u00e1lt cookie-k<br \/>\n<\/strong>Webhely\u00fcnk\u00f6n n\u00e9gy k\u00fcl\u00f6nb\u00f6z\u0151 kateg\u00f3ri\u00e1j\u00fa cookie-t haszn\u00e1lunk:<br \/>\n&#8211; sz\u00fcks\u00e9ges cookie-k,<br \/>\n&#8211; analitikai cookie-k,<br \/>\n&#8211; funkcion\u00e1lis cookike-k \u00e9s<br \/>\n&#8211; rekl\u00e1m- (marketing-) cookie-k.<\/p>\n<p><strong>A sz\u00fcks\u00e9ges cookie-k<\/strong> olyan cookie-k, amelyek n\u00e9lk\u00fcl webhely\u00fcnk nem m\u0171k\u00f6dhetne. Ezek a cookie-k automatikusan az \u00d6n eszk\u00f6z\u00e9re ker\u00fclnek, \u00e9s nem kapcsolhat\u00f3k ki. A sz\u00fcks\u00e9ges cookie-k nem tudj\u00e1k azonos\u00edtani \u00d6nt, \u00e9s csak a webhely megfelel\u0151 megjelen\u00edt\u00e9se \u00e9rdek\u00e9ben sz\u00fcks\u00e9gesek.<\/p>\n<p><b>Az analitikai cookie-k<\/b><span style=\"font-weight: 400\">\u00a0lehet\u0151v\u00e9 teszik sz\u00e1munkra, hogy webhely\u00fcnk\u00f6n k\u00fcl\u00f6nf\u00e9le statisztikai elemz\u00e9seket v\u00e9gezz\u00fcnk. Ezek a cookie-k n\u00e9vtelenek, azaz nem tudj\u00e1k \u00d6nt azonos\u00edtani. Kikapcsolhatja ezeknek a cookie-knak a haszn\u00e1lat\u00e1t a b\u00f6ng\u00e9sz\u0151j\u00e9ben vagy a webhely\u00fcnk alj\u00e1n tal\u00e1lhat\u00f3 \u201eCookie-be\u00e1ll\u00edt\u00e1sok\u201d s\u00e1von.<\/span><\/p>\n<p><b>A funkcion\u00e1lis cookie-k<\/b><span style=\"font-weight: 400\">\u00a0olyan cookie-k, amelyek lehet\u0151v\u00e9 teszik a webhely\u00fcnk k\u00fcl\u00f6nb\u00f6z\u0151 funkci\u00f3inak m\u0171k\u00f6d\u00e9s\u00e9t, t\u00f6bbek k\u00f6z\u00f6tt a nyelv be\u00e1ll\u00edt\u00e1s\u00e1t \u00e9s a bev\u00e1s\u00e1rl\u00f3 kos\u00e1r tartalm\u00e1nak meg\u0151rz\u00e9s\u00e9t. Ilyen cookie-kat csak az \u00d6n el\u0151zetes beleegyez\u00e9s\u00e9vel t\u00e1rolhatunk az \u00d6n eszk\u00f6z\u00e9n.<\/span><\/p>\n<p><b>A marketingcookie-kat\u00a0<\/b><span style=\"font-weight: 400\">szem\u00e9lyre szabott hirdet\u00e9si szolg\u00e1ltat\u00e1sok ny\u00fajt\u00e1s\u00e1ra haszn\u00e1lj\u00e1k. Az adatok felhaszn\u00e1l\u00e1s\u00e1val ezek a cookie-k megalkotj\u00e1k az \u00d6n profilj\u00e1t, amely alapj\u00e1n csak az \u00d6n \u00e1ltal \u00e9rdekesnek \u00edt\u00e9lt hirdet\u00e9seket fogjuk megjelen\u00edteni. Ilyen cookie-kat csak az \u00d6n el\u0151zetes beleegyez\u00e9s\u00e9vel t\u00e1rolhatunk az \u00d6n eszk\u00f6z\u00e9n. T\u00e1j\u00e9koztatjuk, hogy e cookie-k elutas\u00edt\u00e1sa nem akad\u00e1lyozza meg a hirdet\u00e9sek megjelen\u00edt\u00e9s\u00e9t a webhelyen, tov\u00e1bb\u00e1 \u00edgy nem az \u00d6n \u00e9rdekl\u0151d\u00e9si k\u00f6r\u00e9nek megfelel\u0151 hirdet\u00e9sek fognak megjelenni.<\/span><\/p>\n<p><span style=\"font-weight: 400\">A fent eml\u00edtett kateg\u00f3ri\u00e1k mellett megk\u00fcl\u00f6nb\u00f6ztet\u00fcnk saj\u00e1t \u00e9s harmadik f\u00e9lt\u0151l sz\u00e1rmaz\u00f3 cookie-kat is.<\/span><\/p>\n<p><b>A saj\u00e1t cookie-k<\/b><span style=\"font-weight: 400\">\u00a0olyan cookie-k, amelyek ehhez a webhelyhez tartoznak, vagyis azok a cookie-k, amelyeket c\u00e9g\u00fcnk vagy a szerz\u0151d\u00e9ses adatfeldolgoz\u00f3k elhelyeztek rajta.\u00a0<\/span><span style=\"font-weight: 400\">Ha t\u00f6bbet szeretne megtudni a szerz\u0151d\u00e9ses adatfeldolgoz\u00f3kr\u00f3l, olvassa el\u00a0<\/span><span style=\"font-weight: 400\">Adatv\u00e9delmi ir\u00e1nyelveinket<\/span><span style=\"font-weight: 400\">.<\/span><\/p>\n<p><b>A harmadik f\u00e9lt\u0151l sz\u00e1rmaz\u00f3 cookie-k<\/b><span style=\"font-weight: 400\">\u00a0olyan cookie-k, amelyeket m\u00e1s, \u00d6n \u00e1ltal felkeresett webhelyek haszn\u00e1lnak. Ezek teszik sz\u00e1munkra lehet\u0151v\u00e9 a szem\u00e9lyre szabott hirdet\u00e9sek megjelen\u00edt\u00e9s\u00e9t. Ezek a cookie-k figyelik az \u00d6n internethaszn\u00e1lati szok\u00e1sait, \u00edgy olyan hirdet\u00e9seket jelen\u00edthet\u00fcnk meg \u00d6nnek, amelyeket \u00e9rdekesnek tal\u00e1lhat.<\/span><\/p>\n<p><b>3. A cookie-be\u00e1ll\u00edt\u00e1sok m\u00f3dos\u00edt\u00e1sa<\/b><\/p>\n<p><span style=\"font-weight: 400\">Eld\u00f6ntheti, hogy enged\u00e9lyezi-e a cookie-k t\u00e1rol\u00e1s\u00e1t az eszk\u00f6z\u00e9n.<\/span><\/p>\n<p><span style=\"font-weight: 400\">B\u00e1rmikor m\u00f3dos\u00edthatja a cookie-kkal kapcsolatos be\u00e1ll\u00edt\u00e1sait a webhely alj\u00e1n tal\u00e1lhat\u00f3 \u201eCookie-be\u00e1ll\u00edt\u00e1sok\u201d s\u00e1von.<\/span><\/p>\n<p><span style=\"font-weight: 400\">Webhely\u00fcnk l\u00e1togat\u00e1sakor a sz\u00fcks\u00e9ges \u00e9s az anonimiz\u00e1lt analitikai cookie-kat automatikusan, m\u00edg a preferenci\u00e1lis \u00e9s a marketingcookie-kat csak az \u00d6n beleegyez\u00e9s\u00e9vel helyezz\u00fck el az \u00d6n eszk\u00f6z\u00e9n.<\/span><\/p>\n<p><span style=\"font-weight: 400\">Hogyan adhatom meg a beleegyez\u00e9semet?<\/span><\/p>\n<p><span style=\"font-weight: 400\">Amikor el\u0151sz\u00f6r l\u00e1togat el webhely\u00fcnkre, egy el\u0151ugr\u00f3 ablakban kiv\u00e1laszthatja a megfelel\u0151 cookie-be\u00e1ll\u00edt\u00e1sokat. Ha m\u00e1r megl\u00e1togatta webhely\u00fcnket, \u00e9s j\u00f3v\u00e1hagyta a kiv\u00e1lasztott cookie-kat, akkor ezeket a be\u00e1ll\u00edt\u00e1sokat a webhely\u00fcnk alj\u00e1n tal\u00e1lhat\u00f3 \u201eCookie-be\u00e1ll\u00edt\u00e1sok\u201d gombra kattintva m\u00f3dos\u00edthatja. \u00daj el\u0151ugr\u00f3 ablak ny\u00edlik meg, ahol kiv\u00e1laszthatja a cookie-k be\u00e1ll\u00edt\u00e1sait.<\/span><\/p>\n<p><span style=\"font-weight: 400\">T\u00e1j\u00e9koztatjuk, hogy a cookie-k haszn\u00e1lat\u00e1nak elutas\u00edt\u00e1sa nem akad\u00e1lyozza meg a hirdet\u00e9sek megjelen\u00edt\u00e9s\u00e9t a webhelyen, \u00e9s a megjelen\u00edtett hirdet\u00e9sek sz\u00e1ma a cookie-k elfogad\u00e1s\u00e1t\u00f3l f\u00fcggetlen\u00fcl v\u00e1ltozatlan marad. Ha nem fogadja el a hirdet\u00e9si cookie-kat, akkor csak \u00e1ltal\u00e1nos hirdet\u00e9seket fog l\u00e1tni, \u00e9s nem az \u00d6n szem\u00e9lyes ig\u00e9nyeinek megfelel\u0151ket.<\/span><\/p>\n<p><span style=\"font-weight: 400\">A cookie-be\u00e1ll\u00edt\u00e1sok a webb\u00f6ng\u00e9sz\u0151ben is nyomon k\u00f6vethet\u0151k \u00e9s m\u00f3dos\u00edthat\u00f3k.<\/span><\/p>\n<p><span style=\"font-weight: 400\">A cookie-be\u00e1ll\u00edt\u00e1sokkal kapcsolatos tov\u00e1bbi inform\u00e1ci\u00f3k\u00e9rt v\u00e1lassza ki az \u00d6n \u00e1ltal haszn\u00e1lt webb\u00f6ng\u00e9sz\u0151t:<\/span><\/p>\n<ul>\n<li><a href=\"https:\/\/support.google.com\/chrome\/answer\/95647?co=GENIE.Platform=Desktop&amp;hl=en\"><span style=\"font-weight: 400\">Chrome<\/span><\/a><\/li>\n<li><a href=\"https:\/\/support.mozilla.org\/en-US\/kb\/clear-cookies-and-site-data-firefox\"><span style=\"font-weight: 400\">Firefox<\/span><\/a><\/li>\n<li><a href=\"https:\/\/support.microsoft.com\/en-us\/help\/17442\/windows-internet-explorer-delete-manage-cookies\"><span style=\"font-weight: 400\">Internet Explorer<\/span><\/a><\/li>\n<li><span style=\"font-weight: 400\"><a href=\"https:\/\/support.apple.com\/sl-si\/guide\/safari\/sfri11471\/mac\">Safari<\/a><\/span><\/li>\n<li><a href=\"https:\/\/blogs.opera.com\/news\/2015\/08\/how-to-manage-cookies-in-opera\/\">Opera<\/a><\/li>\n<\/ul>\n<p><span style=\"font-weight: 400\">Ha m\u00f3dos\u00edtja vagy t\u00f6rli a b\u00f6ng\u00e9sz\u0151j\u00e9ben t\u00e1rolt cookie-f\u00e1jlokat, vagy lecser\u00e9li\/friss\u00edti a b\u00f6ng\u00e9sz\u0151t vagy az eszk\u00f6z\u00e9t, akkor v\u00e9lhet\u0151en ism\u00e9t le kell tiltania a cookie-kat. A cookie-k kezel\u00e9se \u00e9s t\u00f6rl\u00e9se az adott b\u00f6ng\u00e9sz\u0151t\u0151l is f\u00fcgg. Ha seg\u00edts\u00e9gre van sz\u00fcks\u00e9ge, nyissa meg a b\u00f6ng\u00e9sz\u0151 \u201eT\u00e1mogat\u00e1s\u201d szakasz\u00e1t.<\/span><\/p>\n<p><span style=\"font-weight: 400\">A Google Analytics szolg\u00e1ltat\u00e1st a\u00a0<\/span><a href=\"https:\/\/marketingplatform.google.com\/about\/\"><span style=\"font-weight: 400\">https:\/\/marketingplatform.google.com\/about\/<\/span><\/a><span style=\"font-weight: 400\">\u00a0webhelyen is letilthatja.<\/span><\/p>\n<p><span style=\"font-weight: 400\">Ha t\u00f6bbet szeretne megtudni a cookike-kr\u00f3l, l\u00e1togasson el a\u00a0<\/span><a href=\"http:\/\/youronlinechoices.com\/\"><span style=\"font-weight: 400\">http:\/\/youronlinechoices.com\/<\/span><\/a><span style=\"font-weight: 400\">\u00a0webhelyre.<\/span><\/p>\n<p>&nbsp;<\/p>\n<p><b>4. A webhelyen haszn\u00e1lt cookie-k<\/b><\/p>\n<p>&nbsp;<\/p>\n<table>\n<tbody>\n<tr>\n<td><b>COOKIE NEVE<\/b><\/td>\n<td><b>C\u00c9LJA<\/b><\/td>\n<td><b>ID\u0150TARTAMA<\/b><\/td>\n<td><b>V\u00c1LLALAT<\/b><\/td>\n<\/tr>\n<tr>\n<td><b>sb<\/b><\/td>\n<td><b>A be\u00e9p\u00fcl\u0151 modul m\u0171k\u00f6dtet\u00e9se<\/b><\/td>\n<td><b>2 \u00e9v<\/b><\/td>\n<td><b>Facebook<\/b><\/td>\n<\/tr>\n<tr>\n<td><b>fr<\/b><\/td>\n<td><b>A be\u00e9p\u00fcl\u0151 modul m\u0171k\u00f6dtet\u00e9se<\/b><\/td>\n<td><b>3 h\u00f3nap<\/b><\/td>\n<td><b>Facebook<\/b><\/td>\n<\/tr>\n<tr>\n<td><b>xs<\/b><\/td>\n<td><b>A be\u00e9p\u00fcl\u0151 modul m\u0171k\u00f6dtet\u00e9se<\/b><\/td>\n<td><b>3 h\u00f3nap<\/b><\/td>\n<td><b>Facebook<\/b><\/td>\n<\/tr>\n<tr>\n<td><b>c_user<\/b><\/td>\n<td><b>A be\u00e9p\u00fcl\u0151 modul m\u0171k\u00f6dtet\u00e9se<\/b><\/td>\n<td><b>3 h\u00f3nap<\/b><\/td>\n<td><b>Facebook<\/b><\/td>\n<\/tr>\n<tr>\n<td><b>presence<\/b><\/td>\n<td><b>A be\u00e9p\u00fcl\u0151 modul m\u0171k\u00f6dtet\u00e9se<\/b><\/td>\n<td><b>Munkamenet id\u0151tartama<\/b><\/td>\n<td><b>Facebook<\/b><\/td>\n<\/tr>\n<tr>\n<td><b>pl<\/b><\/td>\n<td><b>A be\u00e9p\u00fcl\u0151 modul m\u0171k\u00f6dtet\u00e9se<\/b><\/td>\n<td><b>1 h\u00f3nap<\/b><\/td>\n<td><b>Facebook<\/b><\/td>\n<\/tr>\n<tr>\n<td><b>wd<\/b><\/td>\n<td><b>A be\u00e9p\u00fcl\u0151 modul m\u0171k\u00f6dtet\u00e9se<\/b><\/td>\n<td><b>1 h\u00e9t<\/b><\/td>\n<td><b>Facebook<\/b><\/td>\n<\/tr>\n<tr>\n<td><b>datr<\/b><\/td>\n<td><b>A be\u00e9p\u00fcl\u0151 modul m\u0171k\u00f6dtet\u00e9se<\/b><\/td>\n<td><b>3 h\u00f3nap<\/b><\/td>\n<td><b>Facebook<\/b><\/td>\n<\/tr>\n<tr>\n<td><\/td>\n<td><\/td>\n<td><\/td>\n<td><\/td>\n<\/tr>\n<tr>\n<td><b>COOKIE NEVE<\/b><\/td>\n<td><b>C\u00c9LJA<\/b><\/td>\n<td><b>ID\u0150TARTAMA<\/b><\/td>\n<td><b>V\u00c1LLALAT<\/b><\/td>\n<\/tr>\n<tr>\n<td><b>m_pixel_ratio<\/b><\/td>\n<td><b>A be\u00e9p\u00fcl\u0151 modul m\u0171k\u00f6dtet\u00e9se<\/b><\/td>\n<td><b>Munkamenet id\u0151tartama<\/b><\/td>\n<td><b>Facebook<\/b><\/td>\n<\/tr>\n<tr>\n<td><b>dpr<\/b><\/td>\n<td><b>A be\u00e9p\u00fcl\u0151 modul m\u0171k\u00f6dtet\u00e9se<\/b><\/td>\n<td><b>1 h\u00e9t<\/b><\/td>\n<td><b>Facebook<\/b><\/td>\n<\/tr>\n<tr>\n<td><b>act<\/b><\/td>\n<td><b>A be\u00e9p\u00fcl\u0151 modul m\u0171k\u00f6dtet\u00e9se<\/b><\/td>\n<td><b>Munkamenet id\u0151tartama<\/b><\/td>\n<td><b>Facebook<\/b><\/td>\n<\/tr>\n<tr>\n<td><b>_lo_v<\/b><\/td>\n<td><b>A Ghost Monitor be\u00e9p\u00fcl\u0151 modul m\u0171k\u00f6dtet\u00e9se<\/b><\/td>\n<td><b>3 h\u00f3nap<\/b><\/td>\n<td><b>Ghost Monitor<\/b><\/td>\n<\/tr>\n<tr>\n<td><b>__cfduid<\/b><\/td>\n<td><b>A Ghost Monitor be\u00e9p\u00fcl\u0151 modul m\u0171k\u00f6dtet\u00e9se<\/b><\/td>\n<td><b>1 \u00e9v<\/b><\/td>\n<td><b>Ghost Monitor<\/b><\/td>\n<\/tr>\n<tr>\n<td><b>_lo_u<\/b><\/td>\n<td><b>A Ghost Monitor be\u00e9p\u00fcl\u0151 modul m\u0171k\u00f6dtet\u00e9se<\/b><\/td>\n<td><b>1 \u00e9v<\/b><\/td>\n<td><b>Ghost Monitor<\/b><\/td>\n<\/tr>\n<tr>\n<td><b>_ga<\/b><\/td>\n<td><b>A Ghost Monitor be\u00e9p\u00fcl\u0151 modul m\u0171k\u00f6dtet\u00e9se<\/b><\/td>\n<td><b>1 \u00e9v<\/b><\/td>\n<td><b>Ghost Monitor<\/b><\/td>\n<\/tr>\n<tr>\n<td><\/td>\n<td><\/td>\n<td><\/td>\n<td><\/td>\n<\/tr>\n<tr>\n<td><b>COOKIE NEVE<\/b><\/td>\n<td><b>C\u00c9LJA<\/b><\/td>\n<td><b>ID\u0150TARTAMA<\/b><\/td>\n<td><b>V\u00c1LLALAT<\/b><\/td>\n<\/tr>\n<tr>\n<td><b>__utma<\/b><\/td>\n<td><b>A felhaszn\u00e1l\u00f3i l\u00e1togat\u00e1sok statisztik\u00e1ja<\/b><\/td>\n<td><b>2 \u00e9v<\/b><\/td>\n<td><b>Google Analytics<\/b><\/td>\n<\/tr>\n<tr>\n<td><b>__utmz<\/b><\/td>\n<td><b>A felhaszn\u00e1l\u00f3i l\u00e1togat\u00e1sok statisztik\u00e1ja<\/b><\/td>\n<td><b>6 h\u00f3nap<\/b><\/td>\n<td><b>Google Analytics<\/b><\/td>\n<\/tr>\n<tr>\n<td><b>__utmc<\/b><\/td>\n<td><b>A felhaszn\u00e1l\u00f3i l\u00e1togat\u00e1sok statisztik\u00e1ja<\/b><\/td>\n<td><b>Munkamenet id\u0151tartama<\/b><\/td>\n<td><b>Google Analytics<\/b><\/td>\n<\/tr>\n<tr>\n<td><b>__utmv<\/b><\/td>\n<td><b>A felhaszn\u00e1l\u00f3i l\u00e1togat\u00e1sok statisztik\u00e1ja<\/b><\/td>\n<td><b>Munkamenet id\u0151tartama<\/b><\/td>\n<td><b>Google Analytics<\/b><\/td>\n<\/tr>\n<tr>\n<td><b>__distillery<\/b><\/td>\n<td><b>A videolej\u00e1tsz\u00f3 m\u0171k\u00f6dtet\u00e9<\/b><strong>se<\/strong><\/td>\n<td><strong>shopium.eu<\/strong><\/td>\n<td><strong>shopium.eu<\/strong><\/td>\n<\/tr>\n<tr>\n<td><strong>woocommerce_items_in_cart<\/strong><\/td>\n<td><strong>A shopium.eu webhely m\u0171k\u00f6dtet\u00e9se<\/strong><\/td>\n<td><strong>shopium.eu<\/strong><\/td>\n<td><strong>shopium.eu<\/strong><\/td>\n<\/tr>\n<tr>\n<td><strong>__kla_id<\/strong><\/td>\n<td><strong>A shopium.eu webhely m\u0171k\u00f6dtet\u00e9se<\/strong><\/td>\n<td><strong>shopium.eu<\/strong><\/td>\n<td><strong>shopium.eu<\/strong><\/td>\n<\/tr>\n<tr>\n<td><strong>wp_woocommerce_session_<\/strong><\/td>\n<td><strong>A shopium.eu webhely m\u0171k\u00f6dtet\u00e9se<\/strong><\/td>\n<td><strong>shopium.eu<\/strong><\/td>\n<td><strong>shopium.eu<\/strong><\/td>\n<\/tr>\n<\/tbody>\n<\/table>\n<p>&nbsp;<\/p>\n<p><b>5. A webhely\u00fcnk\u00f6n tal\u00e1lhat\u00f3 cookie-k c\u00e9lja<\/b><\/p>\n<p><span style=\"font-weight: 400\">Webhely\u00fcnk\u00f6n a cookie-kat a k\u00f6vetkez\u0151 c\u00e9lokra haszn\u00e1ljuk:<\/span><\/p>\n<ul>\n<li style=\"font-weight: 400\"><span style=\"font-weight: 400\">a l\u00e1togat\u00f3 felismer\u00e9se a k\u00f6vetkez\u0151 l\u00e1togat\u00e1sa sor\u00e1n,<\/span><\/li>\n<li style=\"font-weight: 400\"><span style=\"font-weight: 400\">az \u00d6n \u00e1ltal megadott term\u00e9k\u00e9rt\u00e9kel\u00e9sek megtart\u00e1sa,<\/span><\/li>\n<li style=\"font-weight: 400\"><span style=\"font-weight: 400\">a webhely elemz\u00e9se,<\/span><\/li>\n<li style=\"font-weight: 400\"><span style=\"font-weight: 400\">a webhely biztons\u00e1g\u00e1nak biztos\u00edt\u00e1sa,<\/span><\/li>\n<li style=\"font-weight: 400\"><span style=\"font-weight: 400\">a bev\u00e1s\u00e1rl\u00f3kos\u00e1r tartalm\u00e1nak figyel\u00e9se \u00e9s meg\u0151rz\u00e9se (session cookie),<\/span><\/li>\n<li style=\"font-weight: 400\"><span style=\"font-weight: 400\">cookie a befejezetlen v\u00e1s\u00e1rl\u00e1sr\u00f3l sz\u00f3l\u00f3 \u00fczenet k\u00fcld\u00e9s\u00e9hez,<\/span><\/li>\n<li style=\"font-weight: 400\"><span style=\"font-weight: 400\">videotartalom m\u0171k\u00f6dtet\u00e9se,<\/span><\/li>\n<li style=\"font-weight: 400\"><span style=\"font-weight: 400\">a cseveg\u00e9si funkci\u00f3 m\u0171k\u00f6dtet\u00e9se a webhelyen \u00e9s<\/span><\/li>\n<li style=\"font-weight: 400\"><span style=\"font-weight: 400\">rekl\u00e1mok<\/span><\/li>\n<\/ul>\n<p>&nbsp;<\/p>\n<p><b>6. A cookie-k \u00e1ltal kezelt szem\u00e9lyes adatokkal kapcsolatos jogok<\/b><\/p>\n<p><span style=\"font-weight: 400\">A cookie-be\u00e1ll\u00edt\u00e1sok fent r\u00e9szletezett m\u00f3dos\u00edt\u00e1sa mellett lehet\u0151s\u00e9ge van a szem\u00e9lyes adatok kezel\u00e9s\u00e9vel kapcsolatos jogainak \u00e9rv\u00e9nyes\u00edt\u00e9s\u00e9re is. Ezeket a jogokat az Adatv\u00e9delmi ir\u00e1nyelv\u00fcnk r\u00e9szletezi.<\/span><\/p>\n<p>&nbsp;<\/p>\n<p><b>7. M\u00f3dos\u00edt\u00e1sok \u00e9s kapcsolat<\/b><\/p>\n<p><span style=\"font-weight: 400\">Ez a Cookie-szab\u00e1lyzat b\u00e1rmikor m\u00f3dosulhat. A friss\u00edtett verzi\u00f3t a https:\/\/cartium.eu\/hu\/<\/span><span style=\"font-weight: 400\">\u00a0webhelyen teszik k\u00f6zz\u00e9.<\/span><\/p>\n<p><span style=\"font-weight: 400\">Ha b\u00e1rmilyen k\u00e9rd\u00e9se van, vagy tov\u00e1bbi inform\u00e1ci\u00f3ra van sz\u00fcks\u00e9ge a cookike-kkal vagy a szem\u00e9lyes adatok kezel\u00e9s\u00e9vel kapcsolatban, k\u00e9rj\u00fck, \u00edrjon az\u00a0<\/span><a href=\"mailto:hu@cartium.eu\"><span style=\"font-weight: 400\">hu@cartium.eu<\/span><\/a><span style=\"font-weight: 400\">\u00a0c\u00edmre. \u00a0<\/span><\/p>\n<p><b>ECTCEU d.o.o. \u00a0 Kamni\u0161ka cesta 24, 1235 Radomlje<\/b><span style=\"font-weight: 400\">\u00a0\/\u00a0<\/span><span style=\"font-weight: 400\">Szlov\u00e9nia\u00a0<\/span><span style=\"font-weight: 400\">\/<\/span><span style=\"font-weight: 400\"> hu@cartium.eu<\/span><\/p>\n<p><span style=\"font-weight: 400\">Nyilv\u00e1ntart\u00f3 hat\u00f3s\u00e1g: Ljubljanai J\u00e1r\u00e1sb\u00edr\u00f3s\u00e1g\u00a0<\/span><span style=\"font-weight: 400\">\/\u00a0<\/span><span style=\"font-weight: 400\">T\u00f6rzst\u0151ke: 7500 EUR\u00a0<\/span><span style=\"font-weight: 400\">\/<\/span><span style=\"font-weight: 400\">\u00a0IBAN-sz\u00e1m: SI56 1010 0005 7929 365\u00a0 <\/span><span style=\"font-weight: 400\">\/<\/span><span style=\"font-weight: 400\">\u00a0Ad\u00f3sz\u00e1m:<\/span> <span style=\"font-weight: 400\">37400223\u00a0 <\/span><span style=\"font-weight: 400\">\/<\/span><span style=\"font-weight: 400\">\u00a0C\u00e9gjegyz\u00e9ksz\u00e1m: 8477493000<\/span><\/p>\n","protected":false},"excerpt":{"rendered":"<p>A ECTCEU d.o.o. v\u00e1llalat tiszteletben tartja \u00e9s v\u00e9di az \u00d6n szem\u00e9lyes adatait. Az al\u00e1bbiakban r\u00e9szletesen olvashat arr\u00f3l, hogyan kezelj\u00fck az \u00d6n szem\u00e9lyes adatait. Ez a Cookie-szab\u00e1lyzat a cookie-k \u00e9s m\u00e1s hasonl\u00f3 technol\u00f3gi\u00e1k \u00e1ltal gy\u0171jt\u00f6tt adatok kezel\u00e9s\u00e9t ismerteti. Ez a szab\u00e1lyzat az Eur\u00f3pai Uni\u00f3 \u00e1ltal\u00e1nos adatv\u00e9delmi rendelet\u00e9vel \u00e9s az \u00e9rv\u00e9nyes szlov\u00e9n jogszab\u00e1lyokkal \u00f6sszhangban k\u00e9sz\u00fclt. 1. A &hellip; <a href=\"https:\/\/cartium.eu\/hu\/cookie-szabalyzat\/\">Continued<\/a><\/p>\n","protected":false},"author":4,"featured_media":0,"parent":0,"menu_order":0,"comment_status":"closed","ping_status":"closed","template":"","meta":{"inline_featured_image":false,"footnotes":""},"class_list":["post-749","page","type-page","status-publish","hentry"],"acf":[],"_links":{"self":[{"href":"https:\/\/cartium.eu\/hu\/wp-json\/wp\/v2\/pages\/749","targetHints":{"allow":["GET"]}}],"collection":[{"href":"https:\/\/cartium.eu\/hu\/wp-json\/wp\/v2\/pages"}],"about":[{"href":"https:\/\/cartium.eu\/hu\/wp-json\/wp\/v2\/types\/page"}],"author":[{"embeddable":true,"href":"https:\/\/cartium.eu\/hu\/wp-json\/wp\/v2\/users\/4"}],"replies":[{"embeddable":true,"href":"https:\/\/cartium.eu\/hu\/wp-json\/wp\/v2\/comments?post=749"}],"version-history":[{"count":3,"href":"https:\/\/cartium.eu\/hu\/wp-json\/wp\/v2\/pages\/749\/revisions"}],"predecessor-version":[{"id":12293,"href":"https:\/\/cartium.eu\/hu\/wp-json\/wp\/v2\/pages\/749\/revisions\/12293"}],"wp:attachment":[{"href":"https:\/\/cartium.eu\/hu\/wp-json\/wp\/v2\/media?parent=749"}],"curies":[{"name":"wp","href":"https:\/\/api.w.org\/{rel}","templated":true}]}}