{"id":10531,"date":"2023-07-25T08:39:13","date_gmt":"2023-07-25T06:39:13","guid":{"rendered":"https:\/\/cartium.eu\/hu\/?post_type=product&#038;p=10531"},"modified":"2023-07-28T17:35:01","modified_gmt":"2023-07-28T15:35:01","slug":"pokember-kilovokesztyu","status":"publish","type":"product","link":"https:\/\/cartium.eu\/hu\/termek\/pokember-kilovokesztyu\/","title":{"rendered":"P\u00f3kember kil\u00f6v\u0151keszty\u0171"},"content":{"rendered":"","protected":false},"excerpt":{"rendered":"<p>K\u00e9nyeztesse gyermekeit felejthetetlen sz\u00f3rakoz\u00e1ssal ennek a remek p\u00f3kember kil\u00f6v\u0151keszty\u0171nek a seg\u00edts\u00e9g\u00e9vel. Egy interakt\u00edv \u00e9s biztons\u00e1gos j\u00e1t\u00e9k, amelyet a kis szuperh\u0151s\u00f6k im\u00e1dni fognak!<\/p>\n","protected":false},"featured_media":10532,"comment_status":"closed","ping_status":"closed","template":"","meta":{"inline_featured_image":false},"product_brand":[],"product_cat":[15,35],"product_tag":[],"class_list":{"0":"post-10531","1":"product","2":"type-product","3":"status-publish","4":"has-post-thumbnail","6":"product_cat-uncategorized","7":"product_cat-fun","9":"first","10":"instock","11":"sale","12":"taxable","13":"shipping-taxable","14":"purchasable","15":"product-type-simple"},"acf":[],"_links":{"self":[{"href":"https:\/\/cartium.eu\/hu\/wp-json\/wp\/v2\/product\/10531","targetHints":{"allow":["GET"]}}],"collection":[{"href":"https:\/\/cartium.eu\/hu\/wp-json\/wp\/v2\/product"}],"about":[{"href":"https:\/\/cartium.eu\/hu\/wp-json\/wp\/v2\/types\/product"}],"replies":[{"embeddable":true,"href":"https:\/\/cartium.eu\/hu\/wp-json\/wp\/v2\/comments?post=10531"}],"wp:featuredmedia":[{"embeddable":true,"href":"https:\/\/cartium.eu\/hu\/wp-json\/wp\/v2\/media\/10532"}],"wp:attachment":[{"href":"https:\/\/cartium.eu\/hu\/wp-json\/wp\/v2\/media?parent=10531"}],"wp:term":[{"taxonomy":"product_brand","embeddable":true,"href":"https:\/\/cartium.eu\/hu\/wp-json\/wp\/v2\/product_brand?post=10531"},{"taxonomy":"product_cat","embeddable":true,"href":"https:\/\/cartium.eu\/hu\/wp-json\/wp\/v2\/product_cat?post=10531"},{"taxonomy":"product_tag","embeddable":true,"href":"https:\/\/cartium.eu\/hu\/wp-json\/wp\/v2\/product_tag?post=10531"}],"curies":[{"name":"wp","href":"https:\/\/api.w.org\/{rel}","templated":true}]}}