{"id":10612,"date":"2023-07-27T14:31:36","date_gmt":"2023-07-27T12:31:36","guid":{"rendered":"https:\/\/cartium.eu\/hu\/?post_type=product&#038;p=10612"},"modified":"2023-09-15T12:47:32","modified_gmt":"2023-09-15T10:47:32","slug":"montessori-magneses-szam-es-szinvalogato-jatek","status":"publish","type":"product","link":"https:\/\/cartium.eu\/hu\/termek\/montessori-magneses-szam-es-szinvalogato-jatek\/","title":{"rendered":"Montessori m\u00e1gneses sz\u00e1m- \u00e9s sz\u00ednv\u00e1logat\u00f3 j\u00e1t\u00e9k"},"content":{"rendered":"","protected":false},"excerpt":{"rendered":"<p>M\u00e1gneses labirintus j\u00e1t\u00e9k a motoros k\u00e9szs\u00e9gek fejleszt\u00e9s\u00e9hez, a sz\u00ednek \u00e9s sz\u00e1mok tanul\u00e1s\u00e1hoz, valamint a pontoss\u00e1g \u00e9s t\u00fcrelem gyakorl\u00e1s\u00e1hoz!<\/p>\n","protected":false},"featured_media":10617,"comment_status":"closed","ping_status":"closed","template":"","meta":{"inline_featured_image":false},"product_brand":[],"product_cat":[15,35],"product_tag":[],"class_list":{"0":"post-10612","1":"product","2":"type-product","3":"status-publish","4":"has-post-thumbnail","6":"product_cat-uncategorized","7":"product_cat-fun","9":"first","10":"instock","11":"sale","12":"taxable","13":"shipping-taxable","14":"purchasable","15":"product-type-simple"},"acf":[],"_links":{"self":[{"href":"https:\/\/cartium.eu\/hu\/wp-json\/wp\/v2\/product\/10612","targetHints":{"allow":["GET"]}}],"collection":[{"href":"https:\/\/cartium.eu\/hu\/wp-json\/wp\/v2\/product"}],"about":[{"href":"https:\/\/cartium.eu\/hu\/wp-json\/wp\/v2\/types\/product"}],"replies":[{"embeddable":true,"href":"https:\/\/cartium.eu\/hu\/wp-json\/wp\/v2\/comments?post=10612"}],"wp:featuredmedia":[{"embeddable":true,"href":"https:\/\/cartium.eu\/hu\/wp-json\/wp\/v2\/media\/10617"}],"wp:attachment":[{"href":"https:\/\/cartium.eu\/hu\/wp-json\/wp\/v2\/media?parent=10612"}],"wp:term":[{"taxonomy":"product_brand","embeddable":true,"href":"https:\/\/cartium.eu\/hu\/wp-json\/wp\/v2\/product_brand?post=10612"},{"taxonomy":"product_cat","embeddable":true,"href":"https:\/\/cartium.eu\/hu\/wp-json\/wp\/v2\/product_cat?post=10612"},{"taxonomy":"product_tag","embeddable":true,"href":"https:\/\/cartium.eu\/hu\/wp-json\/wp\/v2\/product_tag?post=10612"}],"curies":[{"name":"wp","href":"https:\/\/api.w.org\/{rel}","templated":true}]}}