{"id":10729,"date":"2023-07-31T08:28:40","date_gmt":"2023-07-31T06:28:40","guid":{"rendered":"https:\/\/cartium.eu\/hu\/?post_type=product&#038;p=10729"},"modified":"2023-09-18T09:33:53","modified_gmt":"2023-09-18T07:33:53","slug":"diy-karkoto-keszito-keszlet","status":"publish","type":"product","link":"https:\/\/cartium.eu\/hu\/termek\/diy-karkoto-keszito-keszlet\/","title":{"rendered":"DIY kark\u00f6t\u0151 k\u00e9sz\u00edt\u0151 k\u00e9szlet"},"content":{"rendered":"","protected":false},"excerpt":{"rendered":"<p>Fejezze ki kreativit\u00e1s\u00e1t \u00e9s k\u00e9sz\u00edtsen mag\u00e1nak egyedi kark\u00f6t\u0151ket. Ebben a k\u00e9szletben mindent megtal\u00e1l, ami a gy\u00f6ny\u00f6r\u0171 \u00e9kszerek elk\u00e9sz\u00edt\u00e9s\u00e9hez sz\u00fcks\u00e9ges.<\/p>\n","protected":false},"featured_media":10735,"comment_status":"closed","ping_status":"closed","template":"","meta":{"inline_featured_image":false},"product_brand":[],"product_cat":[15,35],"product_tag":[],"class_list":{"0":"post-10729","1":"product","2":"type-product","3":"status-publish","4":"has-post-thumbnail","6":"product_cat-uncategorized","7":"product_cat-fun","9":"first","10":"instock","11":"sale","12":"taxable","13":"shipping-taxable","14":"purchasable","15":"product-type-simple"},"acf":[],"_links":{"self":[{"href":"https:\/\/cartium.eu\/hu\/wp-json\/wp\/v2\/product\/10729","targetHints":{"allow":["GET"]}}],"collection":[{"href":"https:\/\/cartium.eu\/hu\/wp-json\/wp\/v2\/product"}],"about":[{"href":"https:\/\/cartium.eu\/hu\/wp-json\/wp\/v2\/types\/product"}],"replies":[{"embeddable":true,"href":"https:\/\/cartium.eu\/hu\/wp-json\/wp\/v2\/comments?post=10729"}],"wp:featuredmedia":[{"embeddable":true,"href":"https:\/\/cartium.eu\/hu\/wp-json\/wp\/v2\/media\/10735"}],"wp:attachment":[{"href":"https:\/\/cartium.eu\/hu\/wp-json\/wp\/v2\/media?parent=10729"}],"wp:term":[{"taxonomy":"product_brand","embeddable":true,"href":"https:\/\/cartium.eu\/hu\/wp-json\/wp\/v2\/product_brand?post=10729"},{"taxonomy":"product_cat","embeddable":true,"href":"https:\/\/cartium.eu\/hu\/wp-json\/wp\/v2\/product_cat?post=10729"},{"taxonomy":"product_tag","embeddable":true,"href":"https:\/\/cartium.eu\/hu\/wp-json\/wp\/v2\/product_tag?post=10729"}],"curies":[{"name":"wp","href":"https:\/\/api.w.org\/{rel}","templated":true}]}}