{"id":12037,"date":"2023-09-05T13:41:13","date_gmt":"2023-09-05T11:41:13","guid":{"rendered":"https:\/\/cartium.eu\/hu\/?post_type=product&#038;p=12037"},"modified":"2024-02-15T11:35:20","modified_gmt":"2024-02-15T10:35:20","slug":"enzimes-folteltavolito","status":"publish","type":"product","link":"https:\/\/cartium.eu\/hu\/termek\/enzimes-folteltavolito\/","title":{"rendered":"Enzimes foltelt\u00e1vol\u00edt\u00f3"},"content":{"rendered":"","protected":false},"excerpt":{"rendered":"<p>Szabaduljon meg a bosszant\u00f3 makacs foltokt\u00f3l a ruh\u00e1kon csup\u00e1n p\u00e1r perc alatt!<\/p>\n","protected":false},"featured_media":12043,"comment_status":"closed","ping_status":"closed","template":"","meta":{"inline_featured_image":false},"product_brand":[],"product_cat":[15,27],"product_tag":[],"class_list":{"0":"post-12037","1":"product","2":"type-product","3":"status-publish","4":"has-post-thumbnail","6":"product_cat-uncategorized","7":"product_cat-home","9":"first","10":"instock","11":"sale","12":"taxable","13":"shipping-taxable","14":"purchasable","15":"product-type-simple"},"acf":[],"_links":{"self":[{"href":"https:\/\/cartium.eu\/hu\/wp-json\/wp\/v2\/product\/12037","targetHints":{"allow":["GET"]}}],"collection":[{"href":"https:\/\/cartium.eu\/hu\/wp-json\/wp\/v2\/product"}],"about":[{"href":"https:\/\/cartium.eu\/hu\/wp-json\/wp\/v2\/types\/product"}],"replies":[{"embeddable":true,"href":"https:\/\/cartium.eu\/hu\/wp-json\/wp\/v2\/comments?post=12037"}],"wp:featuredmedia":[{"embeddable":true,"href":"https:\/\/cartium.eu\/hu\/wp-json\/wp\/v2\/media\/12043"}],"wp:attachment":[{"href":"https:\/\/cartium.eu\/hu\/wp-json\/wp\/v2\/media?parent=12037"}],"wp:term":[{"taxonomy":"product_brand","embeddable":true,"href":"https:\/\/cartium.eu\/hu\/wp-json\/wp\/v2\/product_brand?post=12037"},{"taxonomy":"product_cat","embeddable":true,"href":"https:\/\/cartium.eu\/hu\/wp-json\/wp\/v2\/product_cat?post=12037"},{"taxonomy":"product_tag","embeddable":true,"href":"https:\/\/cartium.eu\/hu\/wp-json\/wp\/v2\/product_tag?post=12037"}],"curies":[{"name":"wp","href":"https:\/\/api.w.org\/{rel}","templated":true}]}}