{"id":1242,"date":"2021-02-15T13:51:29","date_gmt":"2021-02-15T12:51:29","guid":{"rendered":"https:\/\/shopium.eu\/hu\/?post_type=product&#038;p=1242"},"modified":"2023-01-05T09:26:17","modified_gmt":"2023-01-05T08:26:17","slug":"festekeltavolito-szer-colorends","status":"publish","type":"product","link":"https:\/\/cartium.eu\/hu\/termek\/festekeltavolito-szer-colorends\/","title":{"rendered":"Fest\u00e9kelt\u00e1vol\u00edt\u00f3 szer &#8211; ColorEnds"},"content":{"rendered":"","protected":false},"excerpt":{"rendered":"<p>A legk\u00fcl\u00f6nb\u00f6z\u0151bb fel\u00fcleteken m\u0171k\u00f6d\u0151, rendk\u00edv\u00fcl hat\u00e9kony fest\u00e9kelt\u00e1vol\u00edt\u00f3 szer, amely leny\u0171g\u00f6zi csup\u00e1n 10 perces hat\u00e1sidej\u00e9vel \u00e9s sz\u00e9les k\u00f6r\u0171 alkalmaz\u00e1si m\u00f3djaival. Az \u00f6sszeg a palackban elegend\u0151 3 m2 fel\u00fcletre.<\/p>\n","protected":false},"featured_media":1294,"comment_status":"closed","ping_status":"closed","template":"","meta":{"inline_featured_image":false},"product_brand":[],"product_cat":[15,27,24],"product_tag":[],"class_list":{"0":"post-1242","1":"product","2":"type-product","3":"status-publish","4":"has-post-thumbnail","6":"product_cat-uncategorized","7":"product_cat-home","8":"product_cat-sale","10":"first","11":"instock","12":"sale","13":"taxable","14":"shipping-taxable","15":"purchasable","16":"product-type-simple"},"acf":[],"_links":{"self":[{"href":"https:\/\/cartium.eu\/hu\/wp-json\/wp\/v2\/product\/1242","targetHints":{"allow":["GET"]}}],"collection":[{"href":"https:\/\/cartium.eu\/hu\/wp-json\/wp\/v2\/product"}],"about":[{"href":"https:\/\/cartium.eu\/hu\/wp-json\/wp\/v2\/types\/product"}],"replies":[{"embeddable":true,"href":"https:\/\/cartium.eu\/hu\/wp-json\/wp\/v2\/comments?post=1242"}],"wp:featuredmedia":[{"embeddable":true,"href":"https:\/\/cartium.eu\/hu\/wp-json\/wp\/v2\/media\/1294"}],"wp:attachment":[{"href":"https:\/\/cartium.eu\/hu\/wp-json\/wp\/v2\/media?parent=1242"}],"wp:term":[{"taxonomy":"product_brand","embeddable":true,"href":"https:\/\/cartium.eu\/hu\/wp-json\/wp\/v2\/product_brand?post=1242"},{"taxonomy":"product_cat","embeddable":true,"href":"https:\/\/cartium.eu\/hu\/wp-json\/wp\/v2\/product_cat?post=1242"},{"taxonomy":"product_tag","embeddable":true,"href":"https:\/\/cartium.eu\/hu\/wp-json\/wp\/v2\/product_tag?post=1242"}],"curies":[{"name":"wp","href":"https:\/\/api.w.org\/{rel}","templated":true}]}}