{"id":13196,"date":"2023-11-09T13:32:09","date_gmt":"2023-11-09T12:32:09","guid":{"rendered":"https:\/\/cartium.eu\/hu\/?post_type=product&#038;p=13196"},"modified":"2024-05-10T09:32:54","modified_gmt":"2024-05-10T07:32:54","slug":"vakuumos-tisztito-es-sterilizalo","status":"publish","type":"product","link":"https:\/\/cartium.eu\/hu\/termek\/vakuumos-tisztito-es-sterilizalo\/","title":{"rendered":"V\u00e1kuumos tiszt\u00edt\u00f3 \u00e9s steriliz\u00e1l\u00f3"},"content":{"rendered":"","protected":false},"excerpt":{"rendered":"<p>Ez az UV-steriliz\u00e1l\u00f3, valamint a por- \u00e9s atkatiszt\u00edt\u00f3 eszk\u00f6z garant\u00e1lja a friss \u00e9s biztons\u00e1gos k\u00f6rnyezetet. Engedje meg mag\u00e1nak a t\u00f6k\u00e9letesen tiszta otthont!<\/p>\n","protected":false},"featured_media":13206,"comment_status":"closed","ping_status":"closed","template":"","meta":{"inline_featured_image":false},"product_brand":[],"product_cat":[15,27],"product_tag":[],"class_list":{"0":"post-13196","1":"product","2":"type-product","3":"status-publish","4":"has-post-thumbnail","6":"product_cat-uncategorized","7":"product_cat-home","9":"first","10":"instock","11":"sale","12":"taxable","13":"shipping-taxable","14":"purchasable","15":"product-type-simple"},"acf":[],"_links":{"self":[{"href":"https:\/\/cartium.eu\/hu\/wp-json\/wp\/v2\/product\/13196","targetHints":{"allow":["GET"]}}],"collection":[{"href":"https:\/\/cartium.eu\/hu\/wp-json\/wp\/v2\/product"}],"about":[{"href":"https:\/\/cartium.eu\/hu\/wp-json\/wp\/v2\/types\/product"}],"replies":[{"embeddable":true,"href":"https:\/\/cartium.eu\/hu\/wp-json\/wp\/v2\/comments?post=13196"}],"wp:featuredmedia":[{"embeddable":true,"href":"https:\/\/cartium.eu\/hu\/wp-json\/wp\/v2\/media\/13206"}],"wp:attachment":[{"href":"https:\/\/cartium.eu\/hu\/wp-json\/wp\/v2\/media?parent=13196"}],"wp:term":[{"taxonomy":"product_brand","embeddable":true,"href":"https:\/\/cartium.eu\/hu\/wp-json\/wp\/v2\/product_brand?post=13196"},{"taxonomy":"product_cat","embeddable":true,"href":"https:\/\/cartium.eu\/hu\/wp-json\/wp\/v2\/product_cat?post=13196"},{"taxonomy":"product_tag","embeddable":true,"href":"https:\/\/cartium.eu\/hu\/wp-json\/wp\/v2\/product_tag?post=13196"}],"curies":[{"name":"wp","href":"https:\/\/api.w.org\/{rel}","templated":true}]}}