{"id":13220,"date":"2023-11-09T15:28:52","date_gmt":"2023-11-09T14:28:52","guid":{"rendered":"https:\/\/cartium.eu\/hu\/?post_type=product&#038;p=13220"},"modified":"2023-11-20T14:02:07","modified_gmt":"2023-11-20T13:02:07","slug":"drift-rc-auto","status":"publish","type":"product","link":"https:\/\/cartium.eu\/hu\/termek\/drift-rc-auto\/","title":{"rendered":"Drift RC aut\u00f3"},"content":{"rendered":"","protected":false},"excerpt":{"rendered":"<p>Var\u00e1zsolja otthon\u00e1t j\u00e1t\u00e9kaut\u00f3-drift p\u00e1ly\u00e1v\u00e1. Az \u00e9rdekes j\u00e1t\u00e9kfolyamat sok\u00e1ig lek\u00f6ti majd a figyelmet \u00e9s felejthetetlen sz\u00f3rakoz\u00e1st ny\u00fajt!<\/p>\n","protected":false},"featured_media":13837,"comment_status":"closed","ping_status":"closed","template":"","meta":{"inline_featured_image":false},"product_brand":[],"product_cat":[15,35],"product_tag":[],"class_list":{"0":"post-13220","1":"product","2":"type-product","3":"status-publish","4":"has-post-thumbnail","6":"product_cat-uncategorized","7":"product_cat-fun","9":"first","10":"instock","11":"sale","12":"taxable","13":"shipping-taxable","14":"purchasable","15":"product-type-simple"},"acf":[],"_links":{"self":[{"href":"https:\/\/cartium.eu\/hu\/wp-json\/wp\/v2\/product\/13220","targetHints":{"allow":["GET"]}}],"collection":[{"href":"https:\/\/cartium.eu\/hu\/wp-json\/wp\/v2\/product"}],"about":[{"href":"https:\/\/cartium.eu\/hu\/wp-json\/wp\/v2\/types\/product"}],"replies":[{"embeddable":true,"href":"https:\/\/cartium.eu\/hu\/wp-json\/wp\/v2\/comments?post=13220"}],"wp:featuredmedia":[{"embeddable":true,"href":"https:\/\/cartium.eu\/hu\/wp-json\/wp\/v2\/media\/13837"}],"wp:attachment":[{"href":"https:\/\/cartium.eu\/hu\/wp-json\/wp\/v2\/media?parent=13220"}],"wp:term":[{"taxonomy":"product_brand","embeddable":true,"href":"https:\/\/cartium.eu\/hu\/wp-json\/wp\/v2\/product_brand?post=13220"},{"taxonomy":"product_cat","embeddable":true,"href":"https:\/\/cartium.eu\/hu\/wp-json\/wp\/v2\/product_cat?post=13220"},{"taxonomy":"product_tag","embeddable":true,"href":"https:\/\/cartium.eu\/hu\/wp-json\/wp\/v2\/product_tag?post=13220"}],"curies":[{"name":"wp","href":"https:\/\/api.w.org\/{rel}","templated":true}]}}