{"id":13285,"date":"2023-11-10T11:01:33","date_gmt":"2023-11-10T10:01:33","guid":{"rendered":"https:\/\/cartium.eu\/hu\/?post_type=product&#038;p=13285"},"modified":"2024-05-02T15:18:13","modified_gmt":"2024-05-02T13:18:13","slug":"kivalo-minosegu-allatcsapda","status":"publish","type":"product","link":"https:\/\/cartium.eu\/hu\/termek\/kivalo-minosegu-allatcsapda\/","title":{"rendered":"Kiv\u00e1l\u00f3 min\u0151s\u00e9g\u0171 \u00e1llatcsapda"},"content":{"rendered":"","protected":false},"excerpt":{"rendered":"<p>K\u00edm\u00e9letes \u00e1llatcsapda, amelyet kifejezetten a zs\u00e1km\u00e1ny f\u00e1jdalommentes \u00e9s egyszer\u0171 befog\u00e1s\u00e1ra terveztek.<\/p>\n","protected":false},"featured_media":13308,"comment_status":"closed","ping_status":"closed","template":"","meta":{"inline_featured_image":false},"product_brand":[],"product_cat":[15,27],"product_tag":[],"class_list":{"0":"post-13285","1":"product","2":"type-product","3":"status-publish","4":"has-post-thumbnail","6":"product_cat-uncategorized","7":"product_cat-home","9":"first","10":"instock","11":"sale","12":"taxable","13":"shipping-taxable","14":"purchasable","15":"product-type-simple"},"acf":[],"_links":{"self":[{"href":"https:\/\/cartium.eu\/hu\/wp-json\/wp\/v2\/product\/13285","targetHints":{"allow":["GET"]}}],"collection":[{"href":"https:\/\/cartium.eu\/hu\/wp-json\/wp\/v2\/product"}],"about":[{"href":"https:\/\/cartium.eu\/hu\/wp-json\/wp\/v2\/types\/product"}],"replies":[{"embeddable":true,"href":"https:\/\/cartium.eu\/hu\/wp-json\/wp\/v2\/comments?post=13285"}],"wp:featuredmedia":[{"embeddable":true,"href":"https:\/\/cartium.eu\/hu\/wp-json\/wp\/v2\/media\/13308"}],"wp:attachment":[{"href":"https:\/\/cartium.eu\/hu\/wp-json\/wp\/v2\/media?parent=13285"}],"wp:term":[{"taxonomy":"product_brand","embeddable":true,"href":"https:\/\/cartium.eu\/hu\/wp-json\/wp\/v2\/product_brand?post=13285"},{"taxonomy":"product_cat","embeddable":true,"href":"https:\/\/cartium.eu\/hu\/wp-json\/wp\/v2\/product_cat?post=13285"},{"taxonomy":"product_tag","embeddable":true,"href":"https:\/\/cartium.eu\/hu\/wp-json\/wp\/v2\/product_tag?post=13285"}],"curies":[{"name":"wp","href":"https:\/\/api.w.org\/{rel}","templated":true}]}}