{"id":14409,"date":"2023-12-05T08:30:30","date_gmt":"2023-12-05T07:30:30","guid":{"rendered":"https:\/\/cartium.eu\/hu\/?post_type=product&#038;p=14409"},"modified":"2023-12-05T11:17:16","modified_gmt":"2023-12-05T10:17:16","slug":"11-ajandek-keretek-gyerekrajzok-tarolasara","status":"publish","type":"product","link":"https:\/\/cartium.eu\/hu\/termek\/11-ajandek-keretek-gyerekrajzok-tarolasara\/","title":{"rendered":"1+1 AJ\u00c1ND\u00c9K &#8211; Keretek gyerekrajzok t\u00e1rol\u00e1s\u00e1ra"},"content":{"rendered":"","protected":false},"excerpt":{"rendered":"<p>\u0150rizze meg gyermekei rajzait, okleveleit vagy f\u00e9nyk\u00e9peit, vagy \u00e1ll\u00edtsa ki \u0151ket a falon vagy a b\u00fatorokon. A kis m\u0171v\u00e9szek \u00f6r\u00fclni fognak!<\/p>\n","protected":false},"featured_media":11262,"comment_status":"closed","ping_status":"closed","template":"","meta":{"inline_featured_image":false},"product_brand":[],"product_cat":[15,35],"product_tag":[],"class_list":{"0":"post-14409","1":"product","2":"type-product","3":"status-publish","4":"has-post-thumbnail","6":"product_cat-uncategorized","7":"product_cat-fun","9":"first","10":"instock","11":"sale","12":"taxable","13":"shipping-taxable","14":"purchasable","15":"product-type-simple"},"acf":[],"_links":{"self":[{"href":"https:\/\/cartium.eu\/hu\/wp-json\/wp\/v2\/product\/14409","targetHints":{"allow":["GET"]}}],"collection":[{"href":"https:\/\/cartium.eu\/hu\/wp-json\/wp\/v2\/product"}],"about":[{"href":"https:\/\/cartium.eu\/hu\/wp-json\/wp\/v2\/types\/product"}],"replies":[{"embeddable":true,"href":"https:\/\/cartium.eu\/hu\/wp-json\/wp\/v2\/comments?post=14409"}],"wp:featuredmedia":[{"embeddable":true,"href":"https:\/\/cartium.eu\/hu\/wp-json\/wp\/v2\/media\/11262"}],"wp:attachment":[{"href":"https:\/\/cartium.eu\/hu\/wp-json\/wp\/v2\/media?parent=14409"}],"wp:term":[{"taxonomy":"product_brand","embeddable":true,"href":"https:\/\/cartium.eu\/hu\/wp-json\/wp\/v2\/product_brand?post=14409"},{"taxonomy":"product_cat","embeddable":true,"href":"https:\/\/cartium.eu\/hu\/wp-json\/wp\/v2\/product_cat?post=14409"},{"taxonomy":"product_tag","embeddable":true,"href":"https:\/\/cartium.eu\/hu\/wp-json\/wp\/v2\/product_tag?post=14409"}],"curies":[{"name":"wp","href":"https:\/\/api.w.org\/{rel}","templated":true}]}}