{"id":1540,"date":"2021-03-09T09:17:58","date_gmt":"2021-03-09T08:17:58","guid":{"rendered":"https:\/\/shopium.eu\/hu\/?post_type=product&#038;p=1540"},"modified":"2023-02-09T11:29:56","modified_gmt":"2023-02-09T10:29:56","slug":"nyaklanc-szivalaku-magneses-medallal-heartjew","status":"publish","type":"product","link":"https:\/\/cartium.eu\/hu\/termek\/nyaklanc-szivalaku-magneses-medallal-heartjew\/","title":{"rendered":"Nyakl\u00e1nc sz\u00edvalak\u00fa m\u00e1gneses med\u00e1llal &#8211; HeartJew"},"content":{"rendered":"","protected":false},"excerpt":{"rendered":"<p>Kiv\u00e1l\u00f3 nyakl\u00e1nc p\u00e1roknak vagy bar\u00e1toknak, hogy mindig k\u00f6zel \u00e9rezhess\u00e9k magukat egym\u00e1shoz.<\/p>\n","protected":false},"featured_media":1549,"comment_status":"closed","ping_status":"closed","template":"","meta":{"inline_featured_image":false},"product_brand":[],"product_cat":[15,25,27],"product_tag":[],"class_list":{"0":"post-1540","1":"product","2":"type-product","3":"status-publish","4":"has-post-thumbnail","6":"product_cat-uncategorized","7":"product_cat-car","8":"product_cat-home","10":"first","11":"instock","12":"sale","13":"taxable","14":"shipping-taxable","15":"purchasable","16":"product-type-simple"},"acf":[],"_links":{"self":[{"href":"https:\/\/cartium.eu\/hu\/wp-json\/wp\/v2\/product\/1540","targetHints":{"allow":["GET"]}}],"collection":[{"href":"https:\/\/cartium.eu\/hu\/wp-json\/wp\/v2\/product"}],"about":[{"href":"https:\/\/cartium.eu\/hu\/wp-json\/wp\/v2\/types\/product"}],"replies":[{"embeddable":true,"href":"https:\/\/cartium.eu\/hu\/wp-json\/wp\/v2\/comments?post=1540"}],"wp:featuredmedia":[{"embeddable":true,"href":"https:\/\/cartium.eu\/hu\/wp-json\/wp\/v2\/media\/1549"}],"wp:attachment":[{"href":"https:\/\/cartium.eu\/hu\/wp-json\/wp\/v2\/media?parent=1540"}],"wp:term":[{"taxonomy":"product_brand","embeddable":true,"href":"https:\/\/cartium.eu\/hu\/wp-json\/wp\/v2\/product_brand?post=1540"},{"taxonomy":"product_cat","embeddable":true,"href":"https:\/\/cartium.eu\/hu\/wp-json\/wp\/v2\/product_cat?post=1540"},{"taxonomy":"product_tag","embeddable":true,"href":"https:\/\/cartium.eu\/hu\/wp-json\/wp\/v2\/product_tag?post=1540"}],"curies":[{"name":"wp","href":"https:\/\/api.w.org\/{rel}","templated":true}]}}