{"id":15492,"date":"2024-02-15T10:48:50","date_gmt":"2024-02-15T09:48:50","guid":{"rendered":"https:\/\/cartium.eu\/hu\/?post_type=product&#038;p=15492"},"modified":"2024-02-15T10:49:42","modified_gmt":"2024-02-15T09:49:42","slug":"11-ajandek-nano-karcolaseltavolito-spray-nanocoatingagent","status":"publish","type":"product","link":"https:\/\/cartium.eu\/hu\/termek\/11-ajandek-nano-karcolaseltavolito-spray-nanocoatingagent\/","title":{"rendered":"1+1 AJ\u00c1ND\u00c9K Nano karcol\u00e1selt\u00e1vol\u00edt\u00f3 spray &#8211; NanoCoatingAgent"},"content":{"rendered":"","protected":false},"excerpt":{"rendered":"<p>Az univerz\u00e1lis \u00e9s hat\u00e9kony karcol\u00e1selt\u00e1vol\u00edt\u00f3 hidrof\u00f3b bevonat lehet\u0151v\u00e9 teszi a karcol\u00e1sok praktikus \u00e9s egyszer\u0171 elt\u00e1vol\u00edt\u00e1s\u00e1t, aut\u00f3lakkoz\u00f3 vagy karossz\u00e9ria jav\u00edt\u00f3 szakember n\u00e9lk\u00fcl, a maxim\u00e1lis csillog\u00e1s \u00e9s tart\u00f3ss\u00e1g el\u00e9r\u00e9s\u00e9rt.<\/p>\n","protected":false},"featured_media":14497,"comment_status":"closed","ping_status":"closed","template":"","meta":{"inline_featured_image":false},"product_brand":[],"product_cat":[15,25,24],"product_tag":[],"class_list":{"0":"post-15492","1":"product","2":"type-product","3":"status-publish","4":"has-post-thumbnail","6":"product_cat-uncategorized","7":"product_cat-car","8":"product_cat-sale","10":"first","11":"instock","12":"sale","13":"taxable","14":"shipping-taxable","15":"purchasable","16":"product-type-simple"},"acf":[],"_links":{"self":[{"href":"https:\/\/cartium.eu\/hu\/wp-json\/wp\/v2\/product\/15492","targetHints":{"allow":["GET"]}}],"collection":[{"href":"https:\/\/cartium.eu\/hu\/wp-json\/wp\/v2\/product"}],"about":[{"href":"https:\/\/cartium.eu\/hu\/wp-json\/wp\/v2\/types\/product"}],"replies":[{"embeddable":true,"href":"https:\/\/cartium.eu\/hu\/wp-json\/wp\/v2\/comments?post=15492"}],"wp:featuredmedia":[{"embeddable":true,"href":"https:\/\/cartium.eu\/hu\/wp-json\/wp\/v2\/media\/14497"}],"wp:attachment":[{"href":"https:\/\/cartium.eu\/hu\/wp-json\/wp\/v2\/media?parent=15492"}],"wp:term":[{"taxonomy":"product_brand","embeddable":true,"href":"https:\/\/cartium.eu\/hu\/wp-json\/wp\/v2\/product_brand?post=15492"},{"taxonomy":"product_cat","embeddable":true,"href":"https:\/\/cartium.eu\/hu\/wp-json\/wp\/v2\/product_cat?post=15492"},{"taxonomy":"product_tag","embeddable":true,"href":"https:\/\/cartium.eu\/hu\/wp-json\/wp\/v2\/product_tag?post=15492"}],"curies":[{"name":"wp","href":"https:\/\/api.w.org\/{rel}","templated":true}]}}