{"id":15641,"date":"2024-03-05T09:10:18","date_gmt":"2024-03-05T08:10:18","guid":{"rendered":"https:\/\/cartium.eu\/hu\/?post_type=product&#038;p=15641"},"modified":"2024-04-29T10:06:02","modified_gmt":"2024-04-29T08:06:02","slug":"magneses-konyv-babak-oltoztetesehez","status":"publish","type":"product","link":"https:\/\/cartium.eu\/hu\/termek\/magneses-konyv-babak-oltoztetesehez\/","title":{"rendered":"M\u00e1gneses k\u00f6nyv bab\u00e1k \u00f6lt\u00f6ztet\u00e9s\u00e9hez"},"content":{"rendered":"","protected":false},"excerpt":{"rendered":"<p>Ide\u00e1lis aj\u00e1nd\u00e9k kisl\u00e1nyok sz\u00e1m\u00e1ra! A k\u00fcl\u00f6nb\u00f6z\u0151 ruh\u00e1k \u00e9s a \u00f6lt\u00f6zetek kombin\u00e1ci\u00f3ja m\u00e9g soha nem volt ilyen egyszer\u0171 \u00e9s sz\u00f3rakoztat\u00f3!<\/p>\n","protected":false},"featured_media":15652,"comment_status":"closed","ping_status":"closed","template":"","meta":{"inline_featured_image":false},"product_brand":[],"product_cat":[15,35],"product_tag":[],"class_list":{"0":"post-15641","1":"product","2":"type-product","3":"status-publish","4":"has-post-thumbnail","6":"product_cat-uncategorized","7":"product_cat-fun","9":"first","10":"instock","11":"sale","12":"taxable","13":"shipping-taxable","14":"purchasable","15":"product-type-variable"},"acf":[],"_links":{"self":[{"href":"https:\/\/cartium.eu\/hu\/wp-json\/wp\/v2\/product\/15641","targetHints":{"allow":["GET"]}}],"collection":[{"href":"https:\/\/cartium.eu\/hu\/wp-json\/wp\/v2\/product"}],"about":[{"href":"https:\/\/cartium.eu\/hu\/wp-json\/wp\/v2\/types\/product"}],"replies":[{"embeddable":true,"href":"https:\/\/cartium.eu\/hu\/wp-json\/wp\/v2\/comments?post=15641"}],"wp:featuredmedia":[{"embeddable":true,"href":"https:\/\/cartium.eu\/hu\/wp-json\/wp\/v2\/media\/15652"}],"wp:attachment":[{"href":"https:\/\/cartium.eu\/hu\/wp-json\/wp\/v2\/media?parent=15641"}],"wp:term":[{"taxonomy":"product_brand","embeddable":true,"href":"https:\/\/cartium.eu\/hu\/wp-json\/wp\/v2\/product_brand?post=15641"},{"taxonomy":"product_cat","embeddable":true,"href":"https:\/\/cartium.eu\/hu\/wp-json\/wp\/v2\/product_cat?post=15641"},{"taxonomy":"product_tag","embeddable":true,"href":"https:\/\/cartium.eu\/hu\/wp-json\/wp\/v2\/product_tag?post=15641"}],"curies":[{"name":"wp","href":"https:\/\/api.w.org\/{rel}","templated":true}]}}