{"id":15667,"date":"2024-03-05T13:44:12","date_gmt":"2024-03-05T12:44:12","guid":{"rendered":"https:\/\/cartium.eu\/hu\/?post_type=product&#038;p=15667"},"modified":"2024-03-06T12:00:41","modified_gmt":"2024-03-06T11:00:41","slug":"allithato-agfuresz","status":"publish","type":"product","link":"https:\/\/cartium.eu\/hu\/termek\/allithato-agfuresz\/","title":{"rendered":"\u00c1ll\u00edthat\u00f3 \u00e1gf\u0171r\u00e9sz"},"content":{"rendered":"","protected":false},"excerpt":{"rendered":"<p>Ez a praktikus f\u0171r\u00e9sz a v\u00e1g\u00e1si feladatokt\u00f3l f\u00fcgg\u0151en \u00f6sszecsukhat\u00f3 vagy kih\u00fazhat\u00f3. Igaz\u00edtsa az \u00d6n \u00e1ltal v\u00e9gzett konkr\u00e9t feladathoz, \u00e9s \u00e9rje el az k\u00edv\u00e1nt eredm\u00e9nyeket.<\/p>\n","protected":false},"featured_media":15675,"comment_status":"closed","ping_status":"closed","template":"","meta":{"inline_featured_image":false},"product_brand":[],"product_cat":[15,27],"product_tag":[],"class_list":{"0":"post-15667","1":"product","2":"type-product","3":"status-publish","4":"has-post-thumbnail","6":"product_cat-uncategorized","7":"product_cat-home","9":"first","10":"instock","11":"sale","12":"taxable","13":"shipping-taxable","14":"purchasable","15":"product-type-simple"},"acf":[],"_links":{"self":[{"href":"https:\/\/cartium.eu\/hu\/wp-json\/wp\/v2\/product\/15667","targetHints":{"allow":["GET"]}}],"collection":[{"href":"https:\/\/cartium.eu\/hu\/wp-json\/wp\/v2\/product"}],"about":[{"href":"https:\/\/cartium.eu\/hu\/wp-json\/wp\/v2\/types\/product"}],"replies":[{"embeddable":true,"href":"https:\/\/cartium.eu\/hu\/wp-json\/wp\/v2\/comments?post=15667"}],"wp:featuredmedia":[{"embeddable":true,"href":"https:\/\/cartium.eu\/hu\/wp-json\/wp\/v2\/media\/15675"}],"wp:attachment":[{"href":"https:\/\/cartium.eu\/hu\/wp-json\/wp\/v2\/media?parent=15667"}],"wp:term":[{"taxonomy":"product_brand","embeddable":true,"href":"https:\/\/cartium.eu\/hu\/wp-json\/wp\/v2\/product_brand?post=15667"},{"taxonomy":"product_cat","embeddable":true,"href":"https:\/\/cartium.eu\/hu\/wp-json\/wp\/v2\/product_cat?post=15667"},{"taxonomy":"product_tag","embeddable":true,"href":"https:\/\/cartium.eu\/hu\/wp-json\/wp\/v2\/product_tag?post=15667"}],"curies":[{"name":"wp","href":"https:\/\/api.w.org\/{rel}","templated":true}]}}