{"id":16010,"date":"2024-03-14T15:31:26","date_gmt":"2024-03-14T14:31:26","guid":{"rendered":"https:\/\/cartium.eu\/hu\/?post_type=product&#038;p=16010"},"modified":"2024-03-14T15:32:00","modified_gmt":"2024-03-14T14:32:00","slug":"22-ajandek-enzimes-folteltavolito","status":"publish","type":"product","link":"https:\/\/cartium.eu\/hu\/termek\/22-ajandek-enzimes-folteltavolito\/","title":{"rendered":"2+2 AJ\u00c1ND\u00c9K- Enzimes foltelt\u00e1vol\u00edt\u00f3"},"content":{"rendered":"","protected":false},"excerpt":{"rendered":"<p>Szabaduljon meg a bosszant\u00f3 makacs foltokt\u00f3l a ruh\u00e1kon csup\u00e1n p\u00e1r perc alatt!<\/p>\n","protected":false},"featured_media":12043,"comment_status":"closed","ping_status":"closed","template":"","meta":{"inline_featured_image":false},"product_brand":[],"product_cat":[15,27],"product_tag":[],"class_list":{"0":"post-16010","1":"product","2":"type-product","3":"status-publish","4":"has-post-thumbnail","6":"product_cat-uncategorized","7":"product_cat-home","9":"first","10":"instock","11":"sale","12":"taxable","13":"shipping-taxable","14":"purchasable","15":"product-type-simple"},"acf":[],"_links":{"self":[{"href":"https:\/\/cartium.eu\/hu\/wp-json\/wp\/v2\/product\/16010","targetHints":{"allow":["GET"]}}],"collection":[{"href":"https:\/\/cartium.eu\/hu\/wp-json\/wp\/v2\/product"}],"about":[{"href":"https:\/\/cartium.eu\/hu\/wp-json\/wp\/v2\/types\/product"}],"replies":[{"embeddable":true,"href":"https:\/\/cartium.eu\/hu\/wp-json\/wp\/v2\/comments?post=16010"}],"wp:featuredmedia":[{"embeddable":true,"href":"https:\/\/cartium.eu\/hu\/wp-json\/wp\/v2\/media\/12043"}],"wp:attachment":[{"href":"https:\/\/cartium.eu\/hu\/wp-json\/wp\/v2\/media?parent=16010"}],"wp:term":[{"taxonomy":"product_brand","embeddable":true,"href":"https:\/\/cartium.eu\/hu\/wp-json\/wp\/v2\/product_brand?post=16010"},{"taxonomy":"product_cat","embeddable":true,"href":"https:\/\/cartium.eu\/hu\/wp-json\/wp\/v2\/product_cat?post=16010"},{"taxonomy":"product_tag","embeddable":true,"href":"https:\/\/cartium.eu\/hu\/wp-json\/wp\/v2\/product_tag?post=16010"}],"curies":[{"name":"wp","href":"https:\/\/api.w.org\/{rel}","templated":true}]}}