{"id":1883,"date":"2021-03-26T15:18:55","date_gmt":"2021-03-26T14:18:55","guid":{"rendered":"https:\/\/shopium.eu\/hu\/?post_type=product&#038;p=1883"},"modified":"2021-10-06T14:06:44","modified_gmt":"2021-10-06T12:06:44","slug":"hordozhato-acel-furesz-woodpile","status":"publish","type":"product","link":"https:\/\/cartium.eu\/hu\/termek\/hordozhato-acel-furesz-woodpile\/","title":{"rendered":"Hordozhat\u00f3 ac\u00e9l f\u0171r\u00e9sz &#8211; Woodpile"},"content":{"rendered":"","protected":false},"excerpt":{"rendered":"<p><span style=\"font-weight: 400\">Ez az innovat\u00edv k\u00e9zif\u0171r\u00e9sz garant\u00e1lja a nagy hat\u00e9konys\u00e1got \u00e9s a gyors v\u00e1g\u00e1si mozg\u00e1st an\u00e9lk\u00fcl, hogy elakadna a f\u00e1ban.<\/span><\/p>\n","protected":false},"featured_media":1891,"comment_status":"closed","ping_status":"closed","template":"","meta":{"inline_featured_image":false},"product_brand":[],"product_cat":[15,27],"product_tag":[],"class_list":{"0":"post-1883","1":"product","2":"type-product","3":"status-publish","4":"has-post-thumbnail","6":"product_cat-uncategorized","7":"product_cat-home","9":"first","10":"instock","11":"sale","12":"taxable","13":"shipping-taxable","14":"purchasable","15":"product-type-simple"},"acf":[],"_links":{"self":[{"href":"https:\/\/cartium.eu\/hu\/wp-json\/wp\/v2\/product\/1883","targetHints":{"allow":["GET"]}}],"collection":[{"href":"https:\/\/cartium.eu\/hu\/wp-json\/wp\/v2\/product"}],"about":[{"href":"https:\/\/cartium.eu\/hu\/wp-json\/wp\/v2\/types\/product"}],"replies":[{"embeddable":true,"href":"https:\/\/cartium.eu\/hu\/wp-json\/wp\/v2\/comments?post=1883"}],"wp:featuredmedia":[{"embeddable":true,"href":"https:\/\/cartium.eu\/hu\/wp-json\/wp\/v2\/media\/1891"}],"wp:attachment":[{"href":"https:\/\/cartium.eu\/hu\/wp-json\/wp\/v2\/media?parent=1883"}],"wp:term":[{"taxonomy":"product_brand","embeddable":true,"href":"https:\/\/cartium.eu\/hu\/wp-json\/wp\/v2\/product_brand?post=1883"},{"taxonomy":"product_cat","embeddable":true,"href":"https:\/\/cartium.eu\/hu\/wp-json\/wp\/v2\/product_cat?post=1883"},{"taxonomy":"product_tag","embeddable":true,"href":"https:\/\/cartium.eu\/hu\/wp-json\/wp\/v2\/product_tag?post=1883"}],"curies":[{"name":"wp","href":"https:\/\/api.w.org\/{rel}","templated":true}]}}