{"id":2213,"date":"2021-10-05T12:03:33","date_gmt":"2021-10-05T10:03:33","guid":{"rendered":"https:\/\/cartium.eu\/hu\/?post_type=product&#038;p=2213"},"modified":"2021-10-08T10:57:04","modified_gmt":"2021-10-08T08:57:04","slug":"furo-adapter-sarok-angleadapter","status":"publish","type":"product","link":"https:\/\/cartium.eu\/hu\/termek\/furo-adapter-sarok-angleadapter\/","title":{"rendered":"F\u00far\u00f3 adapter (sarok) &#8211; AngleAdapter"},"content":{"rendered":"","protected":false},"excerpt":{"rendered":"<p>K\u00f6nny\u00edtse meg a mindennapi munk\u00e1j\u00e1t ak\u00e1r professzion\u00e1lis ak\u00e1r otthoni haszn\u00e1latban alkalmazza ezt a kieg\u00e9sz\u00edt\u0151t.<\/p>\n","protected":false},"featured_media":2250,"comment_status":"closed","ping_status":"closed","template":"","meta":{"inline_featured_image":false},"product_brand":[],"product_cat":[15,27,24],"product_tag":[],"class_list":{"0":"post-2213","1":"product","2":"type-product","3":"status-publish","4":"has-post-thumbnail","6":"product_cat-uncategorized","7":"product_cat-home","8":"product_cat-sale","10":"first","11":"instock","12":"sale","13":"taxable","14":"shipping-taxable","15":"purchasable","16":"product-type-simple"},"acf":[],"_links":{"self":[{"href":"https:\/\/cartium.eu\/hu\/wp-json\/wp\/v2\/product\/2213","targetHints":{"allow":["GET"]}}],"collection":[{"href":"https:\/\/cartium.eu\/hu\/wp-json\/wp\/v2\/product"}],"about":[{"href":"https:\/\/cartium.eu\/hu\/wp-json\/wp\/v2\/types\/product"}],"replies":[{"embeddable":true,"href":"https:\/\/cartium.eu\/hu\/wp-json\/wp\/v2\/comments?post=2213"}],"wp:featuredmedia":[{"embeddable":true,"href":"https:\/\/cartium.eu\/hu\/wp-json\/wp\/v2\/media\/2250"}],"wp:attachment":[{"href":"https:\/\/cartium.eu\/hu\/wp-json\/wp\/v2\/media?parent=2213"}],"wp:term":[{"taxonomy":"product_brand","embeddable":true,"href":"https:\/\/cartium.eu\/hu\/wp-json\/wp\/v2\/product_brand?post=2213"},{"taxonomy":"product_cat","embeddable":true,"href":"https:\/\/cartium.eu\/hu\/wp-json\/wp\/v2\/product_cat?post=2213"},{"taxonomy":"product_tag","embeddable":true,"href":"https:\/\/cartium.eu\/hu\/wp-json\/wp\/v2\/product_tag?post=2213"}],"curies":[{"name":"wp","href":"https:\/\/api.w.org\/{rel}","templated":true}]}}