{"id":2276,"date":"2021-10-15T11:52:32","date_gmt":"2021-10-15T09:52:32","guid":{"rendered":"https:\/\/cartium.eu\/hu\/?post_type=product&#038;p=2276"},"modified":"2021-10-20T10:29:57","modified_gmt":"2021-10-20T08:29:57","slug":"professzionalis-hordozhato-gozolos-vasalo-irone","status":"publish","type":"product","link":"https:\/\/cartium.eu\/hu\/termek\/professzionalis-hordozhato-gozolos-vasalo-irone\/","title":{"rendered":"Professzion\u00e1lis hordozhat\u00f3 g\u0151z\u00f6l\u0151s vasal\u00f3 &#8211; Irone"},"content":{"rendered":"","protected":false},"excerpt":{"rendered":"<p>K\u00f6nny\u00edtse meg a ruh\u00e1k, \u00e1gynem\u0171k \u00e9s lak\u00e1stext\u00edli\u00e1k mindennapi vasal\u00e1s\u00e1t ezzel az innovat\u00edv vasal\u00f3val, amely gyors g\u0151zf\u0171t\u00e9si rendszer\u00e9vel biztos\u00edtja a leghat\u00e9konyabb \u00e9s leggyorsabb vasal\u00e1st, b\u00e1rmely ir\u00e1nyb\u00f3l, ak\u00e1r fejjel lefel\u00e9 is.<\/p>\n","protected":false},"featured_media":2291,"comment_status":"closed","ping_status":"closed","template":"","meta":{"inline_featured_image":false},"product_brand":[],"product_cat":[15,27],"product_tag":[],"class_list":{"0":"post-2276","1":"product","2":"type-product","3":"status-publish","4":"has-post-thumbnail","6":"product_cat-uncategorized","7":"product_cat-home","9":"first","10":"instock","11":"sale","12":"taxable","13":"shipping-taxable","14":"purchasable","15":"product-type-simple"},"acf":[],"_links":{"self":[{"href":"https:\/\/cartium.eu\/hu\/wp-json\/wp\/v2\/product\/2276","targetHints":{"allow":["GET"]}}],"collection":[{"href":"https:\/\/cartium.eu\/hu\/wp-json\/wp\/v2\/product"}],"about":[{"href":"https:\/\/cartium.eu\/hu\/wp-json\/wp\/v2\/types\/product"}],"replies":[{"embeddable":true,"href":"https:\/\/cartium.eu\/hu\/wp-json\/wp\/v2\/comments?post=2276"}],"wp:featuredmedia":[{"embeddable":true,"href":"https:\/\/cartium.eu\/hu\/wp-json\/wp\/v2\/media\/2291"}],"wp:attachment":[{"href":"https:\/\/cartium.eu\/hu\/wp-json\/wp\/v2\/media?parent=2276"}],"wp:term":[{"taxonomy":"product_brand","embeddable":true,"href":"https:\/\/cartium.eu\/hu\/wp-json\/wp\/v2\/product_brand?post=2276"},{"taxonomy":"product_cat","embeddable":true,"href":"https:\/\/cartium.eu\/hu\/wp-json\/wp\/v2\/product_cat?post=2276"},{"taxonomy":"product_tag","embeddable":true,"href":"https:\/\/cartium.eu\/hu\/wp-json\/wp\/v2\/product_tag?post=2276"}],"curies":[{"name":"wp","href":"https:\/\/api.w.org\/{rel}","templated":true}]}}