{"id":2358,"date":"2021-10-21T12:49:15","date_gmt":"2021-10-21T10:49:15","guid":{"rendered":"https:\/\/cartium.eu\/hu\/?post_type=product&#038;p=2358"},"modified":"2021-10-21T13:04:42","modified_gmt":"2021-10-21T11:04:42","slug":"precizios-pozicionalo-fafeldolgozashoz-precision","status":"publish","type":"product","link":"https:\/\/cartium.eu\/hu\/termek\/precizios-pozicionalo-fafeldolgozashoz-precision\/","title":{"rendered":"Prec\u00edzi\u00f3s pozicion\u00e1l\u00f3 fafeldolgoz\u00e1shoz \u2013 Precision"},"content":{"rendered":"","protected":false},"excerpt":{"rendered":"<p><span style=\"font-weight: 400\">Ennek az egyedi tervez\u00e9s\u0171, szil\u00e1rd \u00e9s min\u0151s\u00e9gi anyagokb\u00f3l k\u00e9sz\u00fclt, innovat\u00edv eszk\u00f6znek a seg\u00edts\u00e9g\u00e9vel a lehet\u0151 legprec\u00edzebb ir\u00e1ny\u00edt\u00e1st k\u00edn\u00e1ljuk \u00d6nnek a f\u00far\u00f3g\u00e9pekkel v\u00e9gzett munka sor\u00e1n.<\/span><\/p>\n","protected":false},"featured_media":2369,"comment_status":"closed","ping_status":"closed","template":"","meta":{"inline_featured_image":false},"product_brand":[],"product_cat":[15,27],"product_tag":[],"class_list":{"0":"post-2358","1":"product","2":"type-product","3":"status-publish","4":"has-post-thumbnail","6":"product_cat-uncategorized","7":"product_cat-home","9":"first","10":"instock","11":"sale","12":"taxable","13":"shipping-taxable","14":"purchasable","15":"product-type-simple"},"acf":[],"_links":{"self":[{"href":"https:\/\/cartium.eu\/hu\/wp-json\/wp\/v2\/product\/2358","targetHints":{"allow":["GET"]}}],"collection":[{"href":"https:\/\/cartium.eu\/hu\/wp-json\/wp\/v2\/product"}],"about":[{"href":"https:\/\/cartium.eu\/hu\/wp-json\/wp\/v2\/types\/product"}],"replies":[{"embeddable":true,"href":"https:\/\/cartium.eu\/hu\/wp-json\/wp\/v2\/comments?post=2358"}],"wp:featuredmedia":[{"embeddable":true,"href":"https:\/\/cartium.eu\/hu\/wp-json\/wp\/v2\/media\/2369"}],"wp:attachment":[{"href":"https:\/\/cartium.eu\/hu\/wp-json\/wp\/v2\/media?parent=2358"}],"wp:term":[{"taxonomy":"product_brand","embeddable":true,"href":"https:\/\/cartium.eu\/hu\/wp-json\/wp\/v2\/product_brand?post=2358"},{"taxonomy":"product_cat","embeddable":true,"href":"https:\/\/cartium.eu\/hu\/wp-json\/wp\/v2\/product_cat?post=2358"},{"taxonomy":"product_tag","embeddable":true,"href":"https:\/\/cartium.eu\/hu\/wp-json\/wp\/v2\/product_tag?post=2358"}],"curies":[{"name":"wp","href":"https:\/\/api.w.org\/{rel}","templated":true}]}}