{"id":2377,"date":"2022-03-25T16:47:40","date_gmt":"2022-03-25T15:47:40","guid":{"rendered":"https:\/\/cartium.eu\/hu\/?post_type=product&#038;p=2377"},"modified":"2023-01-05T12:58:18","modified_gmt":"2023-01-05T11:58:18","slug":"csuszasmentes-multifunkcionalis-telefonalatet-cartrio","status":"publish","type":"product","link":"https:\/\/cartium.eu\/hu\/termek\/csuszasmentes-multifunkcionalis-telefonalatet-cartrio\/","title":{"rendered":"Cs\u00fasz\u00e1smentes multifunkcion\u00e1lis telefonal\u00e1t\u00e9t &#8211; Cartrio"},"content":{"rendered":"","protected":false},"excerpt":{"rendered":"<p>Multifunkcion\u00e1lis \u00e9s cs\u00fasz\u00e1smentes be\u00e9p\u00edtett telefontart\u00f3val \u00e9s aromater\u00e1pi\u00e1val ell\u00e1tott al\u00e1t\u00e9t, amely az aut\u00f3 m\u0171szerfal\u00e1ra helyezhet\u0151, b\u00e1rmilyen j\u00e1rm\u0171t\u00edpushoz.<\/p>\n","protected":false},"featured_media":2384,"comment_status":"closed","ping_status":"closed","template":"","meta":{"inline_featured_image":false},"product_brand":[],"product_cat":[15,25,27],"product_tag":[],"class_list":{"0":"post-2377","1":"product","2":"type-product","3":"status-publish","4":"has-post-thumbnail","6":"product_cat-uncategorized","7":"product_cat-car","8":"product_cat-home","10":"first","11":"instock","12":"sale","13":"taxable","14":"shipping-taxable","15":"purchasable","16":"product-type-simple"},"acf":[],"_links":{"self":[{"href":"https:\/\/cartium.eu\/hu\/wp-json\/wp\/v2\/product\/2377","targetHints":{"allow":["GET"]}}],"collection":[{"href":"https:\/\/cartium.eu\/hu\/wp-json\/wp\/v2\/product"}],"about":[{"href":"https:\/\/cartium.eu\/hu\/wp-json\/wp\/v2\/types\/product"}],"replies":[{"embeddable":true,"href":"https:\/\/cartium.eu\/hu\/wp-json\/wp\/v2\/comments?post=2377"}],"wp:featuredmedia":[{"embeddable":true,"href":"https:\/\/cartium.eu\/hu\/wp-json\/wp\/v2\/media\/2384"}],"wp:attachment":[{"href":"https:\/\/cartium.eu\/hu\/wp-json\/wp\/v2\/media?parent=2377"}],"wp:term":[{"taxonomy":"product_brand","embeddable":true,"href":"https:\/\/cartium.eu\/hu\/wp-json\/wp\/v2\/product_brand?post=2377"},{"taxonomy":"product_cat","embeddable":true,"href":"https:\/\/cartium.eu\/hu\/wp-json\/wp\/v2\/product_cat?post=2377"},{"taxonomy":"product_tag","embeddable":true,"href":"https:\/\/cartium.eu\/hu\/wp-json\/wp\/v2\/product_tag?post=2377"}],"curies":[{"name":"wp","href":"https:\/\/api.w.org\/{rel}","templated":true}]}}