{"id":2607,"date":"2022-06-10T14:31:45","date_gmt":"2022-06-10T12:31:45","guid":{"rendered":"https:\/\/cartium.eu\/hu\/?post_type=product&#038;p=2607"},"modified":"2022-06-20T11:41:31","modified_gmt":"2022-06-20T09:41:31","slug":"ontapado-szempillak-tobbszori-hasznalatra-waterlash","status":"publish","type":"product","link":"https:\/\/cartium.eu\/hu\/termek\/ontapado-szempillak-tobbszori-hasznalatra-waterlash\/","title":{"rendered":"\u00d6ntapad\u00f3 szempill\u00e1k t\u00f6bbsz\u00f6ri haszn\u00e1latra -WaterLash"},"content":{"rendered":"","protected":false},"excerpt":{"rendered":"<p>Pr\u00f3b\u00e1lja ki t\u00f6bbsz\u00f6r haszn\u00e1latos \u00f6ntapad\u00f3 szempill\u00e1inkat, amelyek egyszer\u0171en \u00e9s gyorsan felragaszthat\u00f3k, leegyszer\u0171s\u00edtve \u00edgy a sminkel\u00e9s folyamat\u00e1t. Term\u00e9szetes megjelen\u00e9s\u0171, ak\u00e1rcsak a saj\u00e1t szempill\u00e1ja \u00e9s \u00fajra felhaszn\u00e1lhat\u00f3.<\/p>\n","protected":false},"featured_media":2614,"comment_status":"closed","ping_status":"closed","template":"","meta":{"inline_featured_image":false},"product_brand":[],"product_cat":[15,27],"product_tag":[],"class_list":{"0":"post-2607","1":"product","2":"type-product","3":"status-publish","4":"has-post-thumbnail","6":"product_cat-uncategorized","7":"product_cat-home","9":"first","10":"instock","11":"sale","12":"taxable","13":"shipping-taxable","14":"purchasable","15":"product-type-simple"},"acf":[],"_links":{"self":[{"href":"https:\/\/cartium.eu\/hu\/wp-json\/wp\/v2\/product\/2607","targetHints":{"allow":["GET"]}}],"collection":[{"href":"https:\/\/cartium.eu\/hu\/wp-json\/wp\/v2\/product"}],"about":[{"href":"https:\/\/cartium.eu\/hu\/wp-json\/wp\/v2\/types\/product"}],"replies":[{"embeddable":true,"href":"https:\/\/cartium.eu\/hu\/wp-json\/wp\/v2\/comments?post=2607"}],"wp:featuredmedia":[{"embeddable":true,"href":"https:\/\/cartium.eu\/hu\/wp-json\/wp\/v2\/media\/2614"}],"wp:attachment":[{"href":"https:\/\/cartium.eu\/hu\/wp-json\/wp\/v2\/media?parent=2607"}],"wp:term":[{"taxonomy":"product_brand","embeddable":true,"href":"https:\/\/cartium.eu\/hu\/wp-json\/wp\/v2\/product_brand?post=2607"},{"taxonomy":"product_cat","embeddable":true,"href":"https:\/\/cartium.eu\/hu\/wp-json\/wp\/v2\/product_cat?post=2607"},{"taxonomy":"product_tag","embeddable":true,"href":"https:\/\/cartium.eu\/hu\/wp-json\/wp\/v2\/product_tag?post=2607"}],"curies":[{"name":"wp","href":"https:\/\/api.w.org\/{rel}","templated":true}]}}