{"id":2666,"date":"2022-06-15T12:36:40","date_gmt":"2022-06-15T10:36:40","guid":{"rendered":"https:\/\/cartium.eu\/hu\/?post_type=product&#038;p=2666"},"modified":"2024-03-05T12:31:47","modified_gmt":"2024-03-05T11:31:47","slug":"nyari-pant-nelkuli-pushup-melltarto","status":"publish","type":"product","link":"https:\/\/cartium.eu\/hu\/termek\/nyari-pant-nelkuli-pushup-melltarto\/","title":{"rendered":"Ny\u00e1ri, p\u00e1nt n\u00e9lk\u00fcli PushUp melltart\u00f3"},"content":{"rendered":"","protected":false},"excerpt":{"rendered":"<p>Emelje meg melleit a m\u00e9lyebb kiv\u00e1g\u00e1s\u00fa ruh\u00e1k visel\u00e9sekor a l\u00e1tv\u00e1nyos megjelen\u00e9s \u00e9rdek\u00e9ben, b\u00e1rmilyen alkalomhoz \u00e9s \u00f6lt\u00f6z\u00e9khez. Ez a p\u00e1nt n\u00e9lk\u00fcli PusUp melltart\u00f3 b\u00e1rmilyen ruha alatt rejtett marad.<\/p>\n<ul>\n<li>A-B &#8211; alkalmas A\/B kos\u00e1rhoz<\/li>\n<li>C-D &#8211; alkalmas C\/D kos\u00e1rhoz<\/li>\n<li>E-F &#8211; alkalmas E \/ F kos\u00e1rhoz<\/li>\n<\/ul>\n","protected":false},"featured_media":2670,"comment_status":"closed","ping_status":"closed","template":"","meta":{"inline_featured_image":false},"product_brand":[],"product_cat":[15,28,26],"product_tag":[],"class_list":{"0":"post-2666","1":"product","2":"type-product","3":"status-publish","4":"has-post-thumbnail","6":"product_cat-uncategorized","7":"product_cat-beauty","8":"product_cat-health","10":"first","11":"instock","12":"sale","13":"taxable","14":"shipping-taxable","15":"purchasable","16":"product-type-variable"},"acf":[],"_links":{"self":[{"href":"https:\/\/cartium.eu\/hu\/wp-json\/wp\/v2\/product\/2666","targetHints":{"allow":["GET"]}}],"collection":[{"href":"https:\/\/cartium.eu\/hu\/wp-json\/wp\/v2\/product"}],"about":[{"href":"https:\/\/cartium.eu\/hu\/wp-json\/wp\/v2\/types\/product"}],"replies":[{"embeddable":true,"href":"https:\/\/cartium.eu\/hu\/wp-json\/wp\/v2\/comments?post=2666"}],"wp:featuredmedia":[{"embeddable":true,"href":"https:\/\/cartium.eu\/hu\/wp-json\/wp\/v2\/media\/2670"}],"wp:attachment":[{"href":"https:\/\/cartium.eu\/hu\/wp-json\/wp\/v2\/media?parent=2666"}],"wp:term":[{"taxonomy":"product_brand","embeddable":true,"href":"https:\/\/cartium.eu\/hu\/wp-json\/wp\/v2\/product_brand?post=2666"},{"taxonomy":"product_cat","embeddable":true,"href":"https:\/\/cartium.eu\/hu\/wp-json\/wp\/v2\/product_cat?post=2666"},{"taxonomy":"product_tag","embeddable":true,"href":"https:\/\/cartium.eu\/hu\/wp-json\/wp\/v2\/product_tag?post=2666"}],"curies":[{"name":"wp","href":"https:\/\/api.w.org\/{rel}","templated":true}]}}