{"id":2705,"date":"2022-06-17T15:49:13","date_gmt":"2022-06-17T13:49:13","guid":{"rendered":"https:\/\/cartium.eu\/hu\/?post_type=product&#038;p=2705"},"modified":"2022-06-23T10:48:44","modified_gmt":"2022-06-23T08:48:44","slug":"rolo-napellenzo-autokhoz-es-ablakokhoz","status":"publish","type":"product","link":"https:\/\/cartium.eu\/hu\/termek\/rolo-napellenzo-autokhoz-es-ablakokhoz\/","title":{"rendered":"Rol\u00f3 napellenz\u0151 aut\u00f3khoz \u00e9s ablakokhoz"},"content":{"rendered":"","protected":false},"excerpt":{"rendered":"<p>Cs\u00f6kkentse az UV-sug\u00e1rz\u00e1st \u00e9s a napf\u00e9nyt aut\u00f3j\u00e1ban, \u00e9s tegye \u00e9lvezetesebb\u00e9 az utaz\u00e1st. Haszn\u00e1lja ezt a napellenz\u0151t b\u00e1rhol ahol sz\u00fcks\u00e9g van r\u00e1!<\/p>\n","protected":false},"featured_media":2712,"comment_status":"closed","ping_status":"closed","template":"","meta":{"inline_featured_image":false},"product_brand":[],"product_cat":[15,27],"product_tag":[],"class_list":{"0":"post-2705","1":"product","2":"type-product","3":"status-publish","4":"has-post-thumbnail","6":"product_cat-uncategorized","7":"product_cat-home","9":"first","10":"instock","11":"sale","12":"taxable","13":"shipping-taxable","14":"purchasable","15":"product-type-simple"},"acf":[],"_links":{"self":[{"href":"https:\/\/cartium.eu\/hu\/wp-json\/wp\/v2\/product\/2705","targetHints":{"allow":["GET"]}}],"collection":[{"href":"https:\/\/cartium.eu\/hu\/wp-json\/wp\/v2\/product"}],"about":[{"href":"https:\/\/cartium.eu\/hu\/wp-json\/wp\/v2\/types\/product"}],"replies":[{"embeddable":true,"href":"https:\/\/cartium.eu\/hu\/wp-json\/wp\/v2\/comments?post=2705"}],"wp:featuredmedia":[{"embeddable":true,"href":"https:\/\/cartium.eu\/hu\/wp-json\/wp\/v2\/media\/2712"}],"wp:attachment":[{"href":"https:\/\/cartium.eu\/hu\/wp-json\/wp\/v2\/media?parent=2705"}],"wp:term":[{"taxonomy":"product_brand","embeddable":true,"href":"https:\/\/cartium.eu\/hu\/wp-json\/wp\/v2\/product_brand?post=2705"},{"taxonomy":"product_cat","embeddable":true,"href":"https:\/\/cartium.eu\/hu\/wp-json\/wp\/v2\/product_cat?post=2705"},{"taxonomy":"product_tag","embeddable":true,"href":"https:\/\/cartium.eu\/hu\/wp-json\/wp\/v2\/product_tag?post=2705"}],"curies":[{"name":"wp","href":"https:\/\/api.w.org\/{rel}","templated":true}]}}