{"id":2745,"date":"2022-06-21T16:28:53","date_gmt":"2022-06-21T14:28:53","guid":{"rendered":"https:\/\/cartium.eu\/hu\/?post_type=product&#038;p=2745"},"modified":"2023-01-05T09:32:31","modified_gmt":"2023-01-05T08:32:31","slug":"fejfajascsokkento-sapka","status":"publish","type":"product","link":"https:\/\/cartium.eu\/hu\/termek\/fejfajascsokkento-sapka\/","title":{"rendered":"Fejf\u00e1j\u00e1scs\u00f6kkent\u0151 sapka"},"content":{"rendered":"","protected":false},"excerpt":{"rendered":"<p>Jav\u00edtson \u00e9letmin\u0151s\u00e9g\u00e9n \u00e9s szabaduljon meg a fejf\u00e1j\u00e1st\u00f3l \u00e9s a stresszt\u0151l ennek a fantasztikus f\u00e1jdalomcsillap\u00edt\u00f3 sapk\u00e1nak a seg\u00edts\u00e9g\u00e9vel.<\/p>\n","protected":false},"featured_media":2752,"comment_status":"closed","ping_status":"closed","template":"","meta":{"inline_featured_image":false},"product_brand":[],"product_cat":[15,27,28,26],"product_tag":[],"class_list":{"0":"post-2745","1":"product","2":"type-product","3":"status-publish","4":"has-post-thumbnail","6":"product_cat-uncategorized","7":"product_cat-home","8":"product_cat-beauty","9":"product_cat-health","11":"first","12":"instock","13":"sale","14":"taxable","15":"shipping-taxable","16":"purchasable","17":"product-type-simple"},"acf":[],"_links":{"self":[{"href":"https:\/\/cartium.eu\/hu\/wp-json\/wp\/v2\/product\/2745","targetHints":{"allow":["GET"]}}],"collection":[{"href":"https:\/\/cartium.eu\/hu\/wp-json\/wp\/v2\/product"}],"about":[{"href":"https:\/\/cartium.eu\/hu\/wp-json\/wp\/v2\/types\/product"}],"replies":[{"embeddable":true,"href":"https:\/\/cartium.eu\/hu\/wp-json\/wp\/v2\/comments?post=2745"}],"wp:featuredmedia":[{"embeddable":true,"href":"https:\/\/cartium.eu\/hu\/wp-json\/wp\/v2\/media\/2752"}],"wp:attachment":[{"href":"https:\/\/cartium.eu\/hu\/wp-json\/wp\/v2\/media?parent=2745"}],"wp:term":[{"taxonomy":"product_brand","embeddable":true,"href":"https:\/\/cartium.eu\/hu\/wp-json\/wp\/v2\/product_brand?post=2745"},{"taxonomy":"product_cat","embeddable":true,"href":"https:\/\/cartium.eu\/hu\/wp-json\/wp\/v2\/product_cat?post=2745"},{"taxonomy":"product_tag","embeddable":true,"href":"https:\/\/cartium.eu\/hu\/wp-json\/wp\/v2\/product_tag?post=2745"}],"curies":[{"name":"wp","href":"https:\/\/api.w.org\/{rel}","templated":true}]}}