{"id":3431,"date":"2022-08-12T12:46:59","date_gmt":"2022-08-12T10:46:59","guid":{"rendered":"https:\/\/cartium.eu\/hu\/?post_type=product&#038;p=3431"},"modified":"2023-04-13T12:28:18","modified_gmt":"2023-04-13T10:28:18","slug":"taviranyitos-autos-ora","status":"publish","type":"product","link":"https:\/\/cartium.eu\/hu\/termek\/taviranyitos-autos-ora\/","title":{"rendered":"T\u00e1vir\u00e1ny\u00edt\u00f3s aut\u00f3s \u00f3ra"},"content":{"rendered":"","protected":false},"excerpt":{"rendered":"<p>Remek \u00e9s praktikus j\u00e1t\u00e9k, amely minden helyzetben mosolyt csal a gyerekek arc\u00e1ra \u00e9s sz\u00f3rakoztatja \u0151ket. A praktikus kialak\u00edt\u00e1s lehet\u0151v\u00e9 teszi, hogy a gyermek mindig mag\u00e1n\u00e1l tartsa kedvenc j\u00e1t\u00e9k\u00e1t!<\/p>\n","protected":false},"featured_media":3433,"comment_status":"closed","ping_status":"closed","template":"","meta":{"inline_featured_image":false},"product_brand":[],"product_cat":[15,27],"product_tag":[],"class_list":{"0":"post-3431","1":"product","2":"type-product","3":"status-publish","4":"has-post-thumbnail","6":"product_cat-uncategorized","7":"product_cat-home","9":"first","10":"instock","11":"sale","12":"taxable","13":"shipping-taxable","14":"purchasable","15":"product-type-simple"},"acf":[],"_links":{"self":[{"href":"https:\/\/cartium.eu\/hu\/wp-json\/wp\/v2\/product\/3431","targetHints":{"allow":["GET"]}}],"collection":[{"href":"https:\/\/cartium.eu\/hu\/wp-json\/wp\/v2\/product"}],"about":[{"href":"https:\/\/cartium.eu\/hu\/wp-json\/wp\/v2\/types\/product"}],"replies":[{"embeddable":true,"href":"https:\/\/cartium.eu\/hu\/wp-json\/wp\/v2\/comments?post=3431"}],"wp:featuredmedia":[{"embeddable":true,"href":"https:\/\/cartium.eu\/hu\/wp-json\/wp\/v2\/media\/3433"}],"wp:attachment":[{"href":"https:\/\/cartium.eu\/hu\/wp-json\/wp\/v2\/media?parent=3431"}],"wp:term":[{"taxonomy":"product_brand","embeddable":true,"href":"https:\/\/cartium.eu\/hu\/wp-json\/wp\/v2\/product_brand?post=3431"},{"taxonomy":"product_cat","embeddable":true,"href":"https:\/\/cartium.eu\/hu\/wp-json\/wp\/v2\/product_cat?post=3431"},{"taxonomy":"product_tag","embeddable":true,"href":"https:\/\/cartium.eu\/hu\/wp-json\/wp\/v2\/product_tag?post=3431"}],"curies":[{"name":"wp","href":"https:\/\/api.w.org\/{rel}","templated":true}]}}