{"id":3842,"date":"2022-09-20T12:54:00","date_gmt":"2022-09-20T10:54:00","guid":{"rendered":"https:\/\/cartium.eu\/hu\/?post_type=product&#038;p=3842"},"modified":"2023-08-01T16:29:59","modified_gmt":"2023-08-01T14:29:59","slug":"varazslatos-munkafuzetek-gyerekeknek","status":"publish","type":"product","link":"https:\/\/cartium.eu\/hu\/termek\/varazslatos-munkafuzetek-gyerekeknek\/","title":{"rendered":"Var\u00e1zslatos munkaf\u00fczetek gyerekeknek"},"content":{"rendered":"","protected":false},"excerpt":{"rendered":"<p>Fejlessze gyermekei mozg\u00e1s\u00e1t, formafelismer\u00e9s\u00fcket, rajzol\u00e1si k\u00e9szs\u00e9g\u00fcket \u00e9s \u00edr\u00e1sukat ezzel a sz\u00f3rakoztat\u00f3 munkaf\u00fczettel. K\u00e9sz\u00edtse fel gyermek\u00e9t az iskol\u00e1ra \u00e9s k\u00f6nny\u00edtse meg neki annak megkezd\u00e9s\u00e9t. Fejlessze precizit\u00e1sukat ezzel a munkaf\u00fczettel.<\/p>\n","protected":false},"featured_media":3847,"comment_status":"closed","ping_status":"closed","template":"","meta":{"inline_featured_image":false},"product_brand":[],"product_cat":[15,25,35],"product_tag":[],"class_list":{"0":"post-3842","1":"product","2":"type-product","3":"status-publish","4":"has-post-thumbnail","6":"product_cat-uncategorized","7":"product_cat-car","8":"product_cat-fun","10":"first","11":"instock","12":"sale","13":"taxable","14":"shipping-taxable","15":"purchasable","16":"product-type-simple"},"acf":[],"_links":{"self":[{"href":"https:\/\/cartium.eu\/hu\/wp-json\/wp\/v2\/product\/3842","targetHints":{"allow":["GET"]}}],"collection":[{"href":"https:\/\/cartium.eu\/hu\/wp-json\/wp\/v2\/product"}],"about":[{"href":"https:\/\/cartium.eu\/hu\/wp-json\/wp\/v2\/types\/product"}],"replies":[{"embeddable":true,"href":"https:\/\/cartium.eu\/hu\/wp-json\/wp\/v2\/comments?post=3842"}],"wp:featuredmedia":[{"embeddable":true,"href":"https:\/\/cartium.eu\/hu\/wp-json\/wp\/v2\/media\/3847"}],"wp:attachment":[{"href":"https:\/\/cartium.eu\/hu\/wp-json\/wp\/v2\/media?parent=3842"}],"wp:term":[{"taxonomy":"product_brand","embeddable":true,"href":"https:\/\/cartium.eu\/hu\/wp-json\/wp\/v2\/product_brand?post=3842"},{"taxonomy":"product_cat","embeddable":true,"href":"https:\/\/cartium.eu\/hu\/wp-json\/wp\/v2\/product_cat?post=3842"},{"taxonomy":"product_tag","embeddable":true,"href":"https:\/\/cartium.eu\/hu\/wp-json\/wp\/v2\/product_tag?post=3842"}],"curies":[{"name":"wp","href":"https:\/\/api.w.org\/{rel}","templated":true}]}}