{"id":3960,"date":"2022-09-28T15:10:47","date_gmt":"2022-09-28T13:10:47","guid":{"rendered":"https:\/\/cartium.eu\/hu\/?post_type=product&#038;p=3960"},"modified":"2023-04-13T12:19:31","modified_gmt":"2023-04-13T10:19:31","slug":"3d-figurakeszito-jatekkeszlet","status":"publish","type":"product","link":"https:\/\/cartium.eu\/hu\/termek\/3d-figurakeszito-jatekkeszlet\/","title":{"rendered":"3D figurak\u00e9sz\u00edt\u0151 j\u00e1t\u00e9kk\u00e9szlet"},"content":{"rendered":"","protected":false},"excerpt":{"rendered":"<p>A figur\u00e1k k\u00e9sz\u00edt\u00e9s\u00e9re szolg\u00e1l\u00f3 bark\u00e1csk\u00e9szlet ide\u00e1lis sz\u00f3rakoz\u00e1s \u00e9s kikapcsol\u00f3d\u00e1s. Ez az \u00e9rdekes j\u00e1t\u00e9k megnyugtat\u00f3 \u00e9s hat\u00e9kony. Haszn\u00e1lata rendk\u00edv\u00fcl egyszer\u0171 \u00e9s ide\u00e1lis eszk\u00f6z a kreativit\u00e1s kifejez\u00e9s\u00e9re.<\/p>\n","protected":false},"featured_media":3967,"comment_status":"closed","ping_status":"closed","template":"","meta":{"inline_featured_image":false},"product_brand":[],"product_cat":[15,25,27,35],"product_tag":[],"class_list":{"0":"post-3960","1":"product","2":"type-product","3":"status-publish","4":"has-post-thumbnail","6":"product_cat-uncategorized","7":"product_cat-car","8":"product_cat-home","9":"product_cat-fun","11":"first","12":"instock","13":"sale","14":"taxable","15":"shipping-taxable","16":"purchasable","17":"product-type-simple"},"acf":[],"_links":{"self":[{"href":"https:\/\/cartium.eu\/hu\/wp-json\/wp\/v2\/product\/3960","targetHints":{"allow":["GET"]}}],"collection":[{"href":"https:\/\/cartium.eu\/hu\/wp-json\/wp\/v2\/product"}],"about":[{"href":"https:\/\/cartium.eu\/hu\/wp-json\/wp\/v2\/types\/product"}],"replies":[{"embeddable":true,"href":"https:\/\/cartium.eu\/hu\/wp-json\/wp\/v2\/comments?post=3960"}],"wp:featuredmedia":[{"embeddable":true,"href":"https:\/\/cartium.eu\/hu\/wp-json\/wp\/v2\/media\/3967"}],"wp:attachment":[{"href":"https:\/\/cartium.eu\/hu\/wp-json\/wp\/v2\/media?parent=3960"}],"wp:term":[{"taxonomy":"product_brand","embeddable":true,"href":"https:\/\/cartium.eu\/hu\/wp-json\/wp\/v2\/product_brand?post=3960"},{"taxonomy":"product_cat","embeddable":true,"href":"https:\/\/cartium.eu\/hu\/wp-json\/wp\/v2\/product_cat?post=3960"},{"taxonomy":"product_tag","embeddable":true,"href":"https:\/\/cartium.eu\/hu\/wp-json\/wp\/v2\/product_tag?post=3960"}],"curies":[{"name":"wp","href":"https:\/\/api.w.org\/{rel}","templated":true}]}}