{"id":3999,"date":"2022-09-29T12:43:22","date_gmt":"2022-09-29T10:43:22","guid":{"rendered":"https:\/\/cartium.eu\/hu\/?post_type=product&#038;p=3999"},"modified":"2023-01-05T10:49:57","modified_gmt":"2023-01-05T09:49:57","slug":"4-az-1-ben-kezi-elektromos-zoldsegvago-keszlet","status":"publish","type":"product","link":"https:\/\/cartium.eu\/hu\/termek\/4-az-1-ben-kezi-elektromos-zoldsegvago-keszlet\/","title":{"rendered":"4 az 1-ben k\u00e9zi elektromos z\u00f6lds\u00e9gv\u00e1g\u00f3 k\u00e9szlet"},"content":{"rendered":"","protected":false},"excerpt":{"rendered":"<p>T\u00f6bbfunkci\u00f3s 4 az 1-ben k\u00e9szlet gy\u00fcm\u00f6lcs- \u00e9s z\u00f6lds\u00e9gv\u00e1g\u00e1sra, elektromos kefe \u00e9s h\u00fasdar\u00e1l\u00f3. Egyetlen term\u00e9kkel v\u00e1ltozatos konyhai munk\u00e1t v\u00e9gezhet.<\/p>\n","protected":false},"featured_media":4007,"comment_status":"closed","ping_status":"closed","template":"","meta":{"inline_featured_image":false},"product_brand":[],"product_cat":[15,25,27],"product_tag":[],"class_list":{"0":"post-3999","1":"product","2":"type-product","3":"status-publish","4":"has-post-thumbnail","6":"product_cat-uncategorized","7":"product_cat-car","8":"product_cat-home","10":"first","11":"instock","12":"sale","13":"taxable","14":"shipping-taxable","15":"purchasable","16":"product-type-simple"},"acf":[],"_links":{"self":[{"href":"https:\/\/cartium.eu\/hu\/wp-json\/wp\/v2\/product\/3999","targetHints":{"allow":["GET"]}}],"collection":[{"href":"https:\/\/cartium.eu\/hu\/wp-json\/wp\/v2\/product"}],"about":[{"href":"https:\/\/cartium.eu\/hu\/wp-json\/wp\/v2\/types\/product"}],"replies":[{"embeddable":true,"href":"https:\/\/cartium.eu\/hu\/wp-json\/wp\/v2\/comments?post=3999"}],"wp:featuredmedia":[{"embeddable":true,"href":"https:\/\/cartium.eu\/hu\/wp-json\/wp\/v2\/media\/4007"}],"wp:attachment":[{"href":"https:\/\/cartium.eu\/hu\/wp-json\/wp\/v2\/media?parent=3999"}],"wp:term":[{"taxonomy":"product_brand","embeddable":true,"href":"https:\/\/cartium.eu\/hu\/wp-json\/wp\/v2\/product_brand?post=3999"},{"taxonomy":"product_cat","embeddable":true,"href":"https:\/\/cartium.eu\/hu\/wp-json\/wp\/v2\/product_cat?post=3999"},{"taxonomy":"product_tag","embeddable":true,"href":"https:\/\/cartium.eu\/hu\/wp-json\/wp\/v2\/product_tag?post=3999"}],"curies":[{"name":"wp","href":"https:\/\/api.w.org\/{rel}","templated":true}]}}