{"id":4122,"date":"2022-10-04T12:14:25","date_gmt":"2022-10-04T10:14:25","guid":{"rendered":"https:\/\/cartium.eu\/hu\/?post_type=product&#038;p=4122"},"modified":"2023-04-13T12:10:30","modified_gmt":"2023-04-13T10:10:30","slug":"valtozatos-felhasznalasu-hotranszfer-papir","status":"publish","type":"product","link":"https:\/\/cartium.eu\/hu\/termek\/valtozatos-felhasznalasu-hotranszfer-papir\/","title":{"rendered":"V\u00e1ltozatos felhaszn\u00e1l\u00e1s\u00fa h\u0151transzfer pap\u00edr"},"content":{"rendered":"","protected":false},"excerpt":{"rendered":"<p>Csup\u00e1n helyezze fel a ruhadarabra kedvenc f\u00e9nyk\u00e9p\u00e9t \u00e9s p\u00e1r m\u00e1sodperc alatt k\u00e9sz\u00edtsen mag\u00e1nak m\u00e1rk\u00e1s ruhadarabokat vagy mezt, a lehet\u0151s\u00e9gek v\u00e9gtelenek, minden csak a fant\u00e1zi\u00e1j\u00e1n m\u00falik, k\u00e9sz\u00edtsen egyedi p\u00f3l\u00f3kat!<\/p>\n","protected":false},"featured_media":4116,"comment_status":"closed","ping_status":"closed","template":"","meta":{"inline_featured_image":false},"product_brand":[],"product_cat":[15,27],"product_tag":[],"class_list":{"0":"post-4122","1":"product","2":"type-product","3":"status-publish","4":"has-post-thumbnail","6":"product_cat-uncategorized","7":"product_cat-home","9":"first","10":"instock","11":"sale","12":"taxable","13":"shipping-taxable","14":"purchasable","15":"product-type-simple"},"acf":[],"_links":{"self":[{"href":"https:\/\/cartium.eu\/hu\/wp-json\/wp\/v2\/product\/4122","targetHints":{"allow":["GET"]}}],"collection":[{"href":"https:\/\/cartium.eu\/hu\/wp-json\/wp\/v2\/product"}],"about":[{"href":"https:\/\/cartium.eu\/hu\/wp-json\/wp\/v2\/types\/product"}],"replies":[{"embeddable":true,"href":"https:\/\/cartium.eu\/hu\/wp-json\/wp\/v2\/comments?post=4122"}],"wp:featuredmedia":[{"embeddable":true,"href":"https:\/\/cartium.eu\/hu\/wp-json\/wp\/v2\/media\/4116"}],"wp:attachment":[{"href":"https:\/\/cartium.eu\/hu\/wp-json\/wp\/v2\/media?parent=4122"}],"wp:term":[{"taxonomy":"product_brand","embeddable":true,"href":"https:\/\/cartium.eu\/hu\/wp-json\/wp\/v2\/product_brand?post=4122"},{"taxonomy":"product_cat","embeddable":true,"href":"https:\/\/cartium.eu\/hu\/wp-json\/wp\/v2\/product_cat?post=4122"},{"taxonomy":"product_tag","embeddable":true,"href":"https:\/\/cartium.eu\/hu\/wp-json\/wp\/v2\/product_tag?post=4122"}],"curies":[{"name":"wp","href":"https:\/\/api.w.org\/{rel}","templated":true}]}}