{"id":4142,"date":"2022-10-05T12:30:00","date_gmt":"2022-10-05T10:30:00","guid":{"rendered":"https:\/\/cartium.eu\/hu\/?post_type=product&#038;p=4142"},"modified":"2023-01-05T09:27:37","modified_gmt":"2023-01-05T08:27:37","slug":"barsonyos-termikus-zokni-4-par-termax","status":"publish","type":"product","link":"https:\/\/cartium.eu\/hu\/termek\/barsonyos-termikus-zokni-4-par-termax\/","title":{"rendered":"B\u00e1rsonyos termikus zokni &#8211; 4 p\u00e1r &#8211; Termax"},"content":{"rendered":"","protected":false},"excerpt":{"rendered":"<p><span class=\"Y2IQFc\" lang=\"hu\">Legyen mindig meleg \u00e9s k\u00e9nyelmes a hideg t\u00e9li napokon, csak ezt a kiv\u00e9teles kasm\u00edr anyagb\u00f3l k\u00e9sz\u00fclt szuper zoknit viselje, amely jellegzetesen l\u00e9g\u00e1tereszt\u0151 \u00e9s \u00e1pol\u00e1s\u00e9rt h\u00e1l\u00e1s.<\/span><\/p>\n","protected":false},"featured_media":4148,"comment_status":"closed","ping_status":"closed","template":"","meta":{"inline_featured_image":false},"product_brand":[],"product_cat":[15,28,26],"product_tag":[],"class_list":{"0":"post-4142","1":"product","2":"type-product","3":"status-publish","4":"has-post-thumbnail","6":"product_cat-uncategorized","7":"product_cat-beauty","8":"product_cat-health","10":"first","11":"instock","12":"sale","13":"taxable","14":"shipping-taxable","15":"purchasable","16":"product-type-simple"},"acf":[],"_links":{"self":[{"href":"https:\/\/cartium.eu\/hu\/wp-json\/wp\/v2\/product\/4142","targetHints":{"allow":["GET"]}}],"collection":[{"href":"https:\/\/cartium.eu\/hu\/wp-json\/wp\/v2\/product"}],"about":[{"href":"https:\/\/cartium.eu\/hu\/wp-json\/wp\/v2\/types\/product"}],"replies":[{"embeddable":true,"href":"https:\/\/cartium.eu\/hu\/wp-json\/wp\/v2\/comments?post=4142"}],"wp:featuredmedia":[{"embeddable":true,"href":"https:\/\/cartium.eu\/hu\/wp-json\/wp\/v2\/media\/4148"}],"wp:attachment":[{"href":"https:\/\/cartium.eu\/hu\/wp-json\/wp\/v2\/media?parent=4142"}],"wp:term":[{"taxonomy":"product_brand","embeddable":true,"href":"https:\/\/cartium.eu\/hu\/wp-json\/wp\/v2\/product_brand?post=4142"},{"taxonomy":"product_cat","embeddable":true,"href":"https:\/\/cartium.eu\/hu\/wp-json\/wp\/v2\/product_cat?post=4142"},{"taxonomy":"product_tag","embeddable":true,"href":"https:\/\/cartium.eu\/hu\/wp-json\/wp\/v2\/product_tag?post=4142"}],"curies":[{"name":"wp","href":"https:\/\/api.w.org\/{rel}","templated":true}]}}