{"id":4190,"date":"2022-10-07T10:53:04","date_gmt":"2022-10-07T08:53:04","guid":{"rendered":"https:\/\/cartium.eu\/hu\/?post_type=product&#038;p=4190"},"modified":"2024-08-21T13:27:31","modified_gmt":"2024-08-21T11:27:31","slug":"vezetek-nelkuli-kezi-porszivo","status":"publish","type":"product","link":"https:\/\/cartium.eu\/hu\/termek\/vezetek-nelkuli-kezi-porszivo\/","title":{"rendered":"Vezet\u00e9k n\u00e9lk\u00fcli k\u00e9zi porsz\u00edv\u00f3"},"content":{"rendered":"","protected":false},"excerpt":{"rendered":"<p>Ez az er\u0151s sz\u00edv\u00f3er\u0151vel ell\u00e1tott, k\u00f6nny\u0171 k\u00e9zi porsz\u00edv\u00f3 ide\u00e1lis seg\u00e9deszk\u00f6z minden otthonban, a munkahelyen vagy az aut\u00f3ban. Szabaduljon meg n\u00e9h\u00e1ny l\u00e9p\u00e9sben a szennyez\u0151d\u00e9sekt\u0151l \u00e9s a piszokt\u00f3l ezzel a kiv\u00e1l\u00f3 porsz\u00edv\u00f3val.<\/p>\n","protected":false},"featured_media":4197,"comment_status":"closed","ping_status":"closed","template":"","meta":{"inline_featured_image":false},"product_brand":[],"product_cat":[15,27],"product_tag":[],"class_list":{"0":"post-4190","1":"product","2":"type-product","3":"status-publish","4":"has-post-thumbnail","6":"product_cat-uncategorized","7":"product_cat-home","9":"first","10":"instock","11":"sale","12":"taxable","13":"shipping-taxable","14":"purchasable","15":"product-type-simple"},"acf":[],"_links":{"self":[{"href":"https:\/\/cartium.eu\/hu\/wp-json\/wp\/v2\/product\/4190","targetHints":{"allow":["GET"]}}],"collection":[{"href":"https:\/\/cartium.eu\/hu\/wp-json\/wp\/v2\/product"}],"about":[{"href":"https:\/\/cartium.eu\/hu\/wp-json\/wp\/v2\/types\/product"}],"replies":[{"embeddable":true,"href":"https:\/\/cartium.eu\/hu\/wp-json\/wp\/v2\/comments?post=4190"}],"wp:featuredmedia":[{"embeddable":true,"href":"https:\/\/cartium.eu\/hu\/wp-json\/wp\/v2\/media\/4197"}],"wp:attachment":[{"href":"https:\/\/cartium.eu\/hu\/wp-json\/wp\/v2\/media?parent=4190"}],"wp:term":[{"taxonomy":"product_brand","embeddable":true,"href":"https:\/\/cartium.eu\/hu\/wp-json\/wp\/v2\/product_brand?post=4190"},{"taxonomy":"product_cat","embeddable":true,"href":"https:\/\/cartium.eu\/hu\/wp-json\/wp\/v2\/product_cat?post=4190"},{"taxonomy":"product_tag","embeddable":true,"href":"https:\/\/cartium.eu\/hu\/wp-json\/wp\/v2\/product_tag?post=4190"}],"curies":[{"name":"wp","href":"https:\/\/api.w.org\/{rel}","templated":true}]}}