{"id":4992,"date":"2022-11-17T09:04:35","date_gmt":"2022-11-17T08:04:35","guid":{"rendered":"https:\/\/cartium.eu\/hu\/?post_type=product&#038;p=4992"},"modified":"2023-08-17T10:35:29","modified_gmt":"2023-08-17T08:35:29","slug":"3d-mesekonyvek","status":"publish","type":"product","link":"https:\/\/cartium.eu\/hu\/termek\/3d-mesekonyvek\/","title":{"rendered":"3D mesek\u00f6nyvek"},"content":{"rendered":"","protected":false},"excerpt":{"rendered":"<p>A kiv\u00e1l\u00f3 min\u0151s\u00e9g\u0171 3D-s k\u00e9pekkel ell\u00e1tott mesek\u00f6nyvek tartalmazz\u00e1k minden id\u0151k kedvenc mes\u00e9it, valamint \u00f6r\u00f6met okoznak \u00e9s nyugtatj\u00e1k a gyerekeket. Fejlessze gyermekei k\u00e9pzel\u0151erej\u00e9t ezekkel a nagyszer\u0171 mes\u00e9kkel.<\/p>\n","protected":false},"featured_media":5000,"comment_status":"closed","ping_status":"closed","template":"","meta":{"inline_featured_image":false},"product_brand":[],"product_cat":[15,27,35],"product_tag":[],"class_list":{"0":"post-4992","1":"product","2":"type-product","3":"status-publish","4":"has-post-thumbnail","6":"product_cat-uncategorized","7":"product_cat-home","8":"product_cat-fun","10":"first","11":"instock","12":"sale","13":"taxable","14":"shipping-taxable","15":"purchasable","16":"product-type-simple"},"acf":[],"_links":{"self":[{"href":"https:\/\/cartium.eu\/hu\/wp-json\/wp\/v2\/product\/4992","targetHints":{"allow":["GET"]}}],"collection":[{"href":"https:\/\/cartium.eu\/hu\/wp-json\/wp\/v2\/product"}],"about":[{"href":"https:\/\/cartium.eu\/hu\/wp-json\/wp\/v2\/types\/product"}],"replies":[{"embeddable":true,"href":"https:\/\/cartium.eu\/hu\/wp-json\/wp\/v2\/comments?post=4992"}],"wp:featuredmedia":[{"embeddable":true,"href":"https:\/\/cartium.eu\/hu\/wp-json\/wp\/v2\/media\/5000"}],"wp:attachment":[{"href":"https:\/\/cartium.eu\/hu\/wp-json\/wp\/v2\/media?parent=4992"}],"wp:term":[{"taxonomy":"product_brand","embeddable":true,"href":"https:\/\/cartium.eu\/hu\/wp-json\/wp\/v2\/product_brand?post=4992"},{"taxonomy":"product_cat","embeddable":true,"href":"https:\/\/cartium.eu\/hu\/wp-json\/wp\/v2\/product_cat?post=4992"},{"taxonomy":"product_tag","embeddable":true,"href":"https:\/\/cartium.eu\/hu\/wp-json\/wp\/v2\/product_tag?post=4992"}],"curies":[{"name":"wp","href":"https:\/\/api.w.org\/{rel}","templated":true}]}}