{"id":5220,"date":"2022-11-24T08:35:50","date_gmt":"2022-11-24T07:35:50","guid":{"rendered":"https:\/\/cartium.eu\/hu\/?post_type=product&#038;p=5220"},"modified":"2023-05-11T12:07:13","modified_gmt":"2023-05-11T10:07:13","slug":"11-ajandek-taviranyitos-led-lampa-disz-ledlight","status":"publish","type":"product","link":"https:\/\/cartium.eu\/hu\/termek\/11-ajandek-taviranyitos-led-lampa-disz-ledlight\/","title":{"rendered":"1+1 AJ\u00c1ND\u00c9K T\u00e1vir\u00e1ny\u00edt\u00f3s LED l\u00e1mpa d\u00edsz &#8211; Ledlight"},"content":{"rendered":"","protected":false},"excerpt":{"rendered":"<p>A t\u00f6k\u00e9letes dekorat\u00edv LED l\u00e1mp\u00e1k okostelefonon kereszt\u00fcl is vez\u00e9relhet\u0151k \u00e9s t\u00f6k\u00e9letes hangulatot teremtenek az \u00fcnnepek, \u00faj\u00e9v \u00e9s kar\u00e1csony idej\u00e9n, kiv\u00e1l\u00f3 min\u0151s\u00e9g\u0171 \u00e9s k\u00fcl\u00f6nb\u00f6z\u0151 sz\u00ednvari\u00e1ci\u00f3k hat\u00e1sa \u00e1ltal \u00e9rdekes hangulatot \u00e9s l\u00e9gk\u00f6rt teremt.<\/p>\n","protected":false},"featured_media":8973,"comment_status":"closed","ping_status":"closed","template":"","meta":{"inline_featured_image":false},"product_brand":[],"product_cat":[15,25,24,35],"product_tag":[],"class_list":{"0":"post-5220","1":"product","2":"type-product","3":"status-publish","4":"has-post-thumbnail","6":"product_cat-uncategorized","7":"product_cat-car","8":"product_cat-sale","9":"product_cat-fun","11":"first","12":"instock","13":"sale","14":"taxable","15":"shipping-taxable","16":"purchasable","17":"product-type-simple"},"acf":[],"_links":{"self":[{"href":"https:\/\/cartium.eu\/hu\/wp-json\/wp\/v2\/product\/5220","targetHints":{"allow":["GET"]}}],"collection":[{"href":"https:\/\/cartium.eu\/hu\/wp-json\/wp\/v2\/product"}],"about":[{"href":"https:\/\/cartium.eu\/hu\/wp-json\/wp\/v2\/types\/product"}],"replies":[{"embeddable":true,"href":"https:\/\/cartium.eu\/hu\/wp-json\/wp\/v2\/comments?post=5220"}],"wp:featuredmedia":[{"embeddable":true,"href":"https:\/\/cartium.eu\/hu\/wp-json\/wp\/v2\/media\/8973"}],"wp:attachment":[{"href":"https:\/\/cartium.eu\/hu\/wp-json\/wp\/v2\/media?parent=5220"}],"wp:term":[{"taxonomy":"product_brand","embeddable":true,"href":"https:\/\/cartium.eu\/hu\/wp-json\/wp\/v2\/product_brand?post=5220"},{"taxonomy":"product_cat","embeddable":true,"href":"https:\/\/cartium.eu\/hu\/wp-json\/wp\/v2\/product_cat?post=5220"},{"taxonomy":"product_tag","embeddable":true,"href":"https:\/\/cartium.eu\/hu\/wp-json\/wp\/v2\/product_tag?post=5220"}],"curies":[{"name":"wp","href":"https:\/\/api.w.org\/{rel}","templated":true}]}}