{"id":6713,"date":"2023-01-23T12:05:28","date_gmt":"2023-01-23T11:05:28","guid":{"rendered":"https:\/\/cartium.eu\/hu\/?post_type=product&#038;p=6713"},"modified":"2023-01-23T12:11:35","modified_gmt":"2023-01-23T11:11:35","slug":"csapda-egereknek-es-patkanyoknak-mtrap","status":"publish","type":"product","link":"https:\/\/cartium.eu\/hu\/termek\/csapda-egereknek-es-patkanyoknak-mtrap\/","title":{"rendered":"Csapda egereknek \u00e9s patk\u00e1nyoknak &#8211; Mtrap"},"content":{"rendered":"","protected":false},"excerpt":{"rendered":"<p>Ez az eg\u00e9rfog\u00f3 az \u00f6sszeset elkapja! Int\u00e9zze el az egereket \u00e9s a patk\u00e1nyokat, \u00e9s szabaduljon meg t\u0151l\u00fck \u00f6r\u00f6kre!<\/p>\n","protected":false},"featured_media":6719,"comment_status":"closed","ping_status":"closed","template":"","meta":{"inline_featured_image":false},"product_brand":[],"product_cat":[15,27],"product_tag":[],"class_list":{"0":"post-6713","1":"product","2":"type-product","3":"status-publish","4":"has-post-thumbnail","6":"product_cat-uncategorized","7":"product_cat-home","9":"first","10":"instock","11":"sale","12":"taxable","13":"shipping-taxable","14":"purchasable","15":"product-type-simple"},"acf":[],"_links":{"self":[{"href":"https:\/\/cartium.eu\/hu\/wp-json\/wp\/v2\/product\/6713","targetHints":{"allow":["GET"]}}],"collection":[{"href":"https:\/\/cartium.eu\/hu\/wp-json\/wp\/v2\/product"}],"about":[{"href":"https:\/\/cartium.eu\/hu\/wp-json\/wp\/v2\/types\/product"}],"replies":[{"embeddable":true,"href":"https:\/\/cartium.eu\/hu\/wp-json\/wp\/v2\/comments?post=6713"}],"wp:featuredmedia":[{"embeddable":true,"href":"https:\/\/cartium.eu\/hu\/wp-json\/wp\/v2\/media\/6719"}],"wp:attachment":[{"href":"https:\/\/cartium.eu\/hu\/wp-json\/wp\/v2\/media?parent=6713"}],"wp:term":[{"taxonomy":"product_brand","embeddable":true,"href":"https:\/\/cartium.eu\/hu\/wp-json\/wp\/v2\/product_brand?post=6713"},{"taxonomy":"product_cat","embeddable":true,"href":"https:\/\/cartium.eu\/hu\/wp-json\/wp\/v2\/product_cat?post=6713"},{"taxonomy":"product_tag","embeddable":true,"href":"https:\/\/cartium.eu\/hu\/wp-json\/wp\/v2\/product_tag?post=6713"}],"curies":[{"name":"wp","href":"https:\/\/api.w.org\/{rel}","templated":true}]}}