{"id":7528,"date":"2023-03-01T09:48:41","date_gmt":"2023-03-01T08:48:41","guid":{"rendered":"https:\/\/cartium.eu\/hu\/?post_type=product&#038;p=7528"},"modified":"2024-03-13T21:54:43","modified_gmt":"2024-03-13T20:54:43","slug":"2-az-1-ben-atalakulo-teherauto","status":"publish","type":"product","link":"https:\/\/cartium.eu\/hu\/termek\/2-az-1-ben-atalakulo-teherauto\/","title":{"rendered":"2 az 1-ben \u00e1talakul\u00f3 teheraut\u00f3"},"content":{"rendered":"","protected":false},"excerpt":{"rendered":"<p>A rejtett p\u00e1ly\u00e1kkal ell\u00e1tott mega teheraut\u00f3 t\u00f6k\u00e9letes j\u00e1t\u00e9k szeretteinek. T\u00f6k\u00e9letes j\u00e1t\u00e9k fi\u00faknak b\u00e1rmilyen alkalomra.<\/p>\n","protected":false},"featured_media":7532,"comment_status":"closed","ping_status":"closed","template":"","meta":{"inline_featured_image":false},"product_brand":[],"product_cat":[15,35],"product_tag":[],"class_list":{"0":"post-7528","1":"product","2":"type-product","3":"status-publish","4":"has-post-thumbnail","6":"product_cat-uncategorized","7":"product_cat-fun","9":"first","10":"instock","11":"sale","12":"taxable","13":"shipping-taxable","14":"purchasable","15":"product-type-simple"},"acf":[],"_links":{"self":[{"href":"https:\/\/cartium.eu\/hu\/wp-json\/wp\/v2\/product\/7528","targetHints":{"allow":["GET"]}}],"collection":[{"href":"https:\/\/cartium.eu\/hu\/wp-json\/wp\/v2\/product"}],"about":[{"href":"https:\/\/cartium.eu\/hu\/wp-json\/wp\/v2\/types\/product"}],"replies":[{"embeddable":true,"href":"https:\/\/cartium.eu\/hu\/wp-json\/wp\/v2\/comments?post=7528"}],"wp:featuredmedia":[{"embeddable":true,"href":"https:\/\/cartium.eu\/hu\/wp-json\/wp\/v2\/media\/7532"}],"wp:attachment":[{"href":"https:\/\/cartium.eu\/hu\/wp-json\/wp\/v2\/media?parent=7528"}],"wp:term":[{"taxonomy":"product_brand","embeddable":true,"href":"https:\/\/cartium.eu\/hu\/wp-json\/wp\/v2\/product_brand?post=7528"},{"taxonomy":"product_cat","embeddable":true,"href":"https:\/\/cartium.eu\/hu\/wp-json\/wp\/v2\/product_cat?post=7528"},{"taxonomy":"product_tag","embeddable":true,"href":"https:\/\/cartium.eu\/hu\/wp-json\/wp\/v2\/product_tag?post=7528"}],"curies":[{"name":"wp","href":"https:\/\/api.w.org\/{rel}","templated":true}]}}