{"id":7744,"date":"2023-03-07T09:08:07","date_gmt":"2023-03-07T08:08:07","guid":{"rendered":"https:\/\/cartium.eu\/hu\/?post_type=product&#038;p=7744"},"modified":"2023-03-21T08:36:50","modified_gmt":"2023-03-21T07:36:50","slug":"aramfeszultseg-tesztelo-berendezes","status":"publish","type":"product","link":"https:\/\/cartium.eu\/hu\/termek\/aramfeszultseg-tesztelo-berendezes\/","title":{"rendered":"\u00c1ramfesz\u00fclts\u00e9g tesztel\u0151 berendez\u00e9s"},"content":{"rendered":"","protected":false},"excerpt":{"rendered":"<p>Gyorsan \u00e9s egyszer\u0171en ellen\u0151rizheti az aut\u00f3k, p\u00f3tkocsik, motorker\u00e9kp\u00e1rok \u00e9s m\u00e1s alacsony fesz\u00fclts\u00e9g\u0171 rendszerek \u00e1ramk\u00f6reit, biztos\u00edt\u00e9kait, kapcsol\u00f3it \u00e9s vezet\u00e9keit.<\/p>\n","protected":false},"featured_media":7747,"comment_status":"closed","ping_status":"closed","template":"","meta":{"inline_featured_image":false},"product_brand":[],"product_cat":[15,25,27],"product_tag":[],"class_list":{"0":"post-7744","1":"product","2":"type-product","3":"status-publish","4":"has-post-thumbnail","6":"product_cat-uncategorized","7":"product_cat-car","8":"product_cat-home","10":"first","11":"instock","12":"sale","13":"taxable","14":"shipping-taxable","15":"purchasable","16":"product-type-simple"},"acf":[],"_links":{"self":[{"href":"https:\/\/cartium.eu\/hu\/wp-json\/wp\/v2\/product\/7744","targetHints":{"allow":["GET"]}}],"collection":[{"href":"https:\/\/cartium.eu\/hu\/wp-json\/wp\/v2\/product"}],"about":[{"href":"https:\/\/cartium.eu\/hu\/wp-json\/wp\/v2\/types\/product"}],"replies":[{"embeddable":true,"href":"https:\/\/cartium.eu\/hu\/wp-json\/wp\/v2\/comments?post=7744"}],"wp:featuredmedia":[{"embeddable":true,"href":"https:\/\/cartium.eu\/hu\/wp-json\/wp\/v2\/media\/7747"}],"wp:attachment":[{"href":"https:\/\/cartium.eu\/hu\/wp-json\/wp\/v2\/media?parent=7744"}],"wp:term":[{"taxonomy":"product_brand","embeddable":true,"href":"https:\/\/cartium.eu\/hu\/wp-json\/wp\/v2\/product_brand?post=7744"},{"taxonomy":"product_cat","embeddable":true,"href":"https:\/\/cartium.eu\/hu\/wp-json\/wp\/v2\/product_cat?post=7744"},{"taxonomy":"product_tag","embeddable":true,"href":"https:\/\/cartium.eu\/hu\/wp-json\/wp\/v2\/product_tag?post=7744"}],"curies":[{"name":"wp","href":"https:\/\/api.w.org\/{rel}","templated":true}]}}