{"id":7802,"date":"2023-03-08T09:01:41","date_gmt":"2023-03-08T08:01:41","guid":{"rendered":"https:\/\/cartium.eu\/hu\/?post_type=product&#038;p=7802"},"modified":"2023-05-29T18:34:40","modified_gmt":"2023-05-29T16:34:40","slug":"professzionalis-eszkoz-az-alkar-edzesehez","status":"publish","type":"product","link":"https:\/\/cartium.eu\/hu\/termek\/professzionalis-eszkoz-az-alkar-edzesehez\/","title":{"rendered":"Professzion\u00e1lis eszk\u00f6z az alkar edz\u00e9s\u00e9hez"},"content":{"rendered":"","protected":false},"excerpt":{"rendered":"<p>\u00c9rjen el kiv\u00e1l\u00f3 eredm\u00e9nyeket az \u00edz\u00fcletek \u00e9s az ujjak erej\u00e9nek \u00e9s \u00e9rrendszerm\u0171k\u00f6d\u00e9si sebess\u00e9g\u00e9nek jav\u00edt\u00e1sa ter\u00e9n.<\/p>\n","protected":false},"featured_media":7808,"comment_status":"closed","ping_status":"closed","template":"","meta":{"inline_featured_image":false},"product_brand":[],"product_cat":[15,28,26],"product_tag":[],"class_list":{"0":"post-7802","1":"product","2":"type-product","3":"status-publish","4":"has-post-thumbnail","6":"product_cat-uncategorized","7":"product_cat-beauty","8":"product_cat-health","10":"first","11":"instock","12":"sale","13":"taxable","14":"shipping-taxable","15":"purchasable","16":"product-type-simple"},"acf":[],"_links":{"self":[{"href":"https:\/\/cartium.eu\/hu\/wp-json\/wp\/v2\/product\/7802","targetHints":{"allow":["GET"]}}],"collection":[{"href":"https:\/\/cartium.eu\/hu\/wp-json\/wp\/v2\/product"}],"about":[{"href":"https:\/\/cartium.eu\/hu\/wp-json\/wp\/v2\/types\/product"}],"replies":[{"embeddable":true,"href":"https:\/\/cartium.eu\/hu\/wp-json\/wp\/v2\/comments?post=7802"}],"wp:featuredmedia":[{"embeddable":true,"href":"https:\/\/cartium.eu\/hu\/wp-json\/wp\/v2\/media\/7808"}],"wp:attachment":[{"href":"https:\/\/cartium.eu\/hu\/wp-json\/wp\/v2\/media?parent=7802"}],"wp:term":[{"taxonomy":"product_brand","embeddable":true,"href":"https:\/\/cartium.eu\/hu\/wp-json\/wp\/v2\/product_brand?post=7802"},{"taxonomy":"product_cat","embeddable":true,"href":"https:\/\/cartium.eu\/hu\/wp-json\/wp\/v2\/product_cat?post=7802"},{"taxonomy":"product_tag","embeddable":true,"href":"https:\/\/cartium.eu\/hu\/wp-json\/wp\/v2\/product_tag?post=7802"}],"curies":[{"name":"wp","href":"https:\/\/api.w.org\/{rel}","templated":true}]}}