{"id":7824,"date":"2023-03-08T13:08:56","date_gmt":"2023-03-08T12:08:56","guid":{"rendered":"https:\/\/cartium.eu\/hu\/?post_type=product&#038;p=7824"},"modified":"2023-03-21T08:28:04","modified_gmt":"2023-03-21T07:28:04","slug":"ellenorzoeszkoz-gepjarmu-relekhez","status":"publish","type":"product","link":"https:\/\/cartium.eu\/hu\/termek\/ellenorzoeszkoz-gepjarmu-relekhez\/","title":{"rendered":"Ellen\u0151rz\u0151eszk\u00f6z g\u00e9pj\u00e1rm\u00fa rel\u00e9khez"},"content":{"rendered":"","protected":false},"excerpt":{"rendered":"<p>A kompakt \u00e9s praktikus g\u00e9pj\u00e1rm\u00fa rel\u00e9 teszter egy nagyszer\u0171 dolog, ami j\u00f3 ha mindig k\u00e9zn\u00e9l van aut\u00f3j\u00e1ban.<\/p>\n","protected":false},"featured_media":7833,"comment_status":"closed","ping_status":"closed","template":"","meta":{"inline_featured_image":false},"product_brand":[],"product_cat":[15,25],"product_tag":[],"class_list":{"0":"post-7824","1":"product","2":"type-product","3":"status-publish","4":"has-post-thumbnail","6":"product_cat-uncategorized","7":"product_cat-car","9":"first","10":"instock","11":"sale","12":"taxable","13":"shipping-taxable","14":"purchasable","15":"product-type-simple"},"acf":[],"_links":{"self":[{"href":"https:\/\/cartium.eu\/hu\/wp-json\/wp\/v2\/product\/7824","targetHints":{"allow":["GET"]}}],"collection":[{"href":"https:\/\/cartium.eu\/hu\/wp-json\/wp\/v2\/product"}],"about":[{"href":"https:\/\/cartium.eu\/hu\/wp-json\/wp\/v2\/types\/product"}],"replies":[{"embeddable":true,"href":"https:\/\/cartium.eu\/hu\/wp-json\/wp\/v2\/comments?post=7824"}],"wp:featuredmedia":[{"embeddable":true,"href":"https:\/\/cartium.eu\/hu\/wp-json\/wp\/v2\/media\/7833"}],"wp:attachment":[{"href":"https:\/\/cartium.eu\/hu\/wp-json\/wp\/v2\/media?parent=7824"}],"wp:term":[{"taxonomy":"product_brand","embeddable":true,"href":"https:\/\/cartium.eu\/hu\/wp-json\/wp\/v2\/product_brand?post=7824"},{"taxonomy":"product_cat","embeddable":true,"href":"https:\/\/cartium.eu\/hu\/wp-json\/wp\/v2\/product_cat?post=7824"},{"taxonomy":"product_tag","embeddable":true,"href":"https:\/\/cartium.eu\/hu\/wp-json\/wp\/v2\/product_tag?post=7824"}],"curies":[{"name":"wp","href":"https:\/\/api.w.org\/{rel}","templated":true}]}}