{"id":8751,"date":"2023-04-26T09:19:30","date_gmt":"2023-04-26T07:19:30","guid":{"rendered":"https:\/\/cartium.eu\/hu\/?post_type=product&#038;p=8751"},"modified":"2024-03-05T12:30:09","modified_gmt":"2024-03-05T11:30:09","slug":"alakformalo-body","status":"publish","type":"product","link":"https:\/\/cartium.eu\/hu\/termek\/alakformalo-body\/","title":{"rendered":"Alakform\u00e1l\u00f3 body"},"content":{"rendered":"","protected":false},"excerpt":{"rendered":"<p>K\u00e9nyelmes, praktikus \u00e9s sz\u00e9p, ugyanakkor rendk\u00edv\u00fcl hat\u00e9kony \u00e9s modern body. Form\u00e1lja \u00e1t test\u00e9t ennek a n\u00e9pszer\u0171 bodynak a seg\u00edts\u00e9g\u00e9vel!<\/p>\n","protected":false},"featured_media":8769,"comment_status":"closed","ping_status":"closed","template":"","meta":{"inline_featured_image":false},"product_brand":[],"product_cat":[15,28,26],"product_tag":[],"class_list":{"0":"post-8751","1":"product","2":"type-product","3":"status-publish","4":"has-post-thumbnail","6":"product_cat-uncategorized","7":"product_cat-beauty","8":"product_cat-health","10":"first","11":"instock","12":"sale","13":"taxable","14":"shipping-taxable","15":"purchasable","16":"product-type-variable"},"acf":[],"_links":{"self":[{"href":"https:\/\/cartium.eu\/hu\/wp-json\/wp\/v2\/product\/8751","targetHints":{"allow":["GET"]}}],"collection":[{"href":"https:\/\/cartium.eu\/hu\/wp-json\/wp\/v2\/product"}],"about":[{"href":"https:\/\/cartium.eu\/hu\/wp-json\/wp\/v2\/types\/product"}],"replies":[{"embeddable":true,"href":"https:\/\/cartium.eu\/hu\/wp-json\/wp\/v2\/comments?post=8751"}],"wp:featuredmedia":[{"embeddable":true,"href":"https:\/\/cartium.eu\/hu\/wp-json\/wp\/v2\/media\/8769"}],"wp:attachment":[{"href":"https:\/\/cartium.eu\/hu\/wp-json\/wp\/v2\/media?parent=8751"}],"wp:term":[{"taxonomy":"product_brand","embeddable":true,"href":"https:\/\/cartium.eu\/hu\/wp-json\/wp\/v2\/product_brand?post=8751"},{"taxonomy":"product_cat","embeddable":true,"href":"https:\/\/cartium.eu\/hu\/wp-json\/wp\/v2\/product_cat?post=8751"},{"taxonomy":"product_tag","embeddable":true,"href":"https:\/\/cartium.eu\/hu\/wp-json\/wp\/v2\/product_tag?post=8751"}],"curies":[{"name":"wp","href":"https:\/\/api.w.org\/{rel}","templated":true}]}}