{"id":9316,"date":"2023-06-09T08:22:22","date_gmt":"2023-06-09T06:22:22","guid":{"rendered":"https:\/\/cartium.eu\/hu\/?post_type=product&#038;p=9316"},"modified":"2023-12-05T11:43:25","modified_gmt":"2023-12-05T10:43:25","slug":"valtozatos-felhasznalasu-hotranszfer-papir-2","status":"publish","type":"product","link":"https:\/\/cartium.eu\/hu\/termek\/valtozatos-felhasznalasu-hotranszfer-papir-2\/","title":{"rendered":"V\u00e1ltozatos felhaszn\u00e1l\u00e1s\u00fa h\u0151transzfer pap\u00edr"},"content":{"rendered":"","protected":false},"excerpt":{"rendered":"<p>Csup\u00e1n helyezze fel a ruhadarabra kedvenc f\u00e9nyk\u00e9p\u00e9t \u00e9s p\u00e1r m\u00e1sodperc alatt k\u00e9sz\u00edtsen mag\u00e1nak m\u00e1rk\u00e1s ruhadarabokat vagy mezt, a lehet\u0151s\u00e9gek v\u00e9gtelenek, minden csak a fant\u00e1zi\u00e1j\u00e1n m\u00falik, k\u00e9sz\u00edtsen egyedi p\u00f3l\u00f3kat!<\/p>\n","protected":false},"featured_media":4116,"comment_status":"closed","ping_status":"closed","template":"","meta":{"inline_featured_image":false},"product_brand":[],"product_cat":[15,27],"product_tag":[],"class_list":{"0":"post-9316","1":"product","2":"type-product","3":"status-publish","4":"has-post-thumbnail","6":"product_cat-uncategorized","7":"product_cat-home","9":"first","10":"instock","11":"sale","12":"taxable","13":"shipping-taxable","14":"purchasable","15":"product-type-simple"},"acf":[],"_links":{"self":[{"href":"https:\/\/cartium.eu\/hu\/wp-json\/wp\/v2\/product\/9316","targetHints":{"allow":["GET"]}}],"collection":[{"href":"https:\/\/cartium.eu\/hu\/wp-json\/wp\/v2\/product"}],"about":[{"href":"https:\/\/cartium.eu\/hu\/wp-json\/wp\/v2\/types\/product"}],"replies":[{"embeddable":true,"href":"https:\/\/cartium.eu\/hu\/wp-json\/wp\/v2\/comments?post=9316"}],"wp:featuredmedia":[{"embeddable":true,"href":"https:\/\/cartium.eu\/hu\/wp-json\/wp\/v2\/media\/4116"}],"wp:attachment":[{"href":"https:\/\/cartium.eu\/hu\/wp-json\/wp\/v2\/media?parent=9316"}],"wp:term":[{"taxonomy":"product_brand","embeddable":true,"href":"https:\/\/cartium.eu\/hu\/wp-json\/wp\/v2\/product_brand?post=9316"},{"taxonomy":"product_cat","embeddable":true,"href":"https:\/\/cartium.eu\/hu\/wp-json\/wp\/v2\/product_cat?post=9316"},{"taxonomy":"product_tag","embeddable":true,"href":"https:\/\/cartium.eu\/hu\/wp-json\/wp\/v2\/product_tag?post=9316"}],"curies":[{"name":"wp","href":"https:\/\/api.w.org\/{rel}","templated":true}]}}