{"id":9790,"date":"2023-07-03T12:11:21","date_gmt":"2023-07-03T10:11:21","guid":{"rendered":"https:\/\/cartium.eu\/hu\/?post_type=product&#038;p=9790"},"modified":"2024-02-15T11:12:58","modified_gmt":"2024-02-15T10:12:58","slug":"kreativ-montessori-beszuros-szinezo-keszlet","status":"publish","type":"product","link":"https:\/\/cartium.eu\/hu\/termek\/kreativ-montessori-beszuros-szinezo-keszlet\/","title":{"rendered":"Kreat\u00edv Montessori besz\u00far\u00f3s sz\u00ednez\u0151 k\u00e9szlet"},"content":{"rendered":"","protected":false},"excerpt":{"rendered":"<p>A gyerekek k\u00e9pesek lesznek kifejezni kreativit\u00e1sukat ennek a fantasztikus \u00e9s k\u00fcl\u00f6nleges fest\u0151k\u00e9szletnek k\u00f6sz\u00f6nhet\u0151en. A speci\u00e1lis besz\u00far\u00f3s technika minden gyermeknek \u00f6r\u00f6met fog okozni!<\/p>\n","protected":false},"featured_media":9794,"comment_status":"closed","ping_status":"closed","template":"","meta":{"inline_featured_image":false},"product_brand":[],"product_cat":[15,35],"product_tag":[],"class_list":{"0":"post-9790","1":"product","2":"type-product","3":"status-publish","4":"has-post-thumbnail","6":"product_cat-uncategorized","7":"product_cat-fun","9":"first","10":"instock","11":"sale","12":"taxable","13":"shipping-taxable","14":"purchasable","15":"product-type-simple"},"acf":[],"_links":{"self":[{"href":"https:\/\/cartium.eu\/hu\/wp-json\/wp\/v2\/product\/9790","targetHints":{"allow":["GET"]}}],"collection":[{"href":"https:\/\/cartium.eu\/hu\/wp-json\/wp\/v2\/product"}],"about":[{"href":"https:\/\/cartium.eu\/hu\/wp-json\/wp\/v2\/types\/product"}],"replies":[{"embeddable":true,"href":"https:\/\/cartium.eu\/hu\/wp-json\/wp\/v2\/comments?post=9790"}],"wp:featuredmedia":[{"embeddable":true,"href":"https:\/\/cartium.eu\/hu\/wp-json\/wp\/v2\/media\/9794"}],"wp:attachment":[{"href":"https:\/\/cartium.eu\/hu\/wp-json\/wp\/v2\/media?parent=9790"}],"wp:term":[{"taxonomy":"product_brand","embeddable":true,"href":"https:\/\/cartium.eu\/hu\/wp-json\/wp\/v2\/product_brand?post=9790"},{"taxonomy":"product_cat","embeddable":true,"href":"https:\/\/cartium.eu\/hu\/wp-json\/wp\/v2\/product_cat?post=9790"},{"taxonomy":"product_tag","embeddable":true,"href":"https:\/\/cartium.eu\/hu\/wp-json\/wp\/v2\/product_tag?post=9790"}],"curies":[{"name":"wp","href":"https:\/\/api.w.org\/{rel}","templated":true}]}}