{"id":1313,"date":"2021-01-15T14:54:20","date_gmt":"2021-01-15T13:54:20","guid":{"rendered":"https:\/\/shopium.eu\/it\/?post_type=product&#038;p=1313"},"modified":"2021-01-15T14:58:35","modified_gmt":"2021-01-15T13:58:35","slug":"animalprojector","status":"publish","type":"product","link":"https:\/\/cartium.eu\/it\/prodotto\/animalprojector\/","title":{"rendered":"Peluche con proiettore &#8211; AnimalProjector"},"content":{"rendered":"","protected":false},"excerpt":{"rendered":"<ul>\n<li>Un giocattolo interattivo che fornir\u00e0 un&#8217;atmosfera insolita e speciale proiettando effetti di luce a forma di stelle e altre forme divertenti su soffitti e pareti, soprattutto quando le luci si spengono.<\/li>\n<li>Realizzato con i materiali pi\u00f9 morbidi e di altissima qualit\u00e0, questo giocattolo sar\u00e0 il giocattolo preferito dei tuoi piccoli che adoreranno coccolare con il loro amico peluche.<\/li>\n<li>Oltre al gioco e al divertimento, questo fantastico peluche servir\u00e0 anche come illuminazione notturna, confortante e soffusa per le stanze dei bambini.<\/li>\n<\/ul>\n","protected":false},"featured_media":1316,"comment_status":"closed","ping_status":"closed","template":"","meta":{"inline_featured_image":false},"product_brand":[],"product_cat":[15],"product_tag":[],"class_list":{"0":"post-1313","1":"product","2":"type-product","3":"status-publish","4":"has-post-thumbnail","6":"product_cat-uncategorized","8":"first","9":"instock","10":"sale","11":"taxable","12":"shipping-taxable","13":"purchasable","14":"product-type-simple"},"acf":[],"_links":{"self":[{"href":"https:\/\/cartium.eu\/it\/wp-json\/wp\/v2\/product\/1313","targetHints":{"allow":["GET"]}}],"collection":[{"href":"https:\/\/cartium.eu\/it\/wp-json\/wp\/v2\/product"}],"about":[{"href":"https:\/\/cartium.eu\/it\/wp-json\/wp\/v2\/types\/product"}],"replies":[{"embeddable":true,"href":"https:\/\/cartium.eu\/it\/wp-json\/wp\/v2\/comments?post=1313"}],"wp:featuredmedia":[{"embeddable":true,"href":"https:\/\/cartium.eu\/it\/wp-json\/wp\/v2\/media\/1316"}],"wp:attachment":[{"href":"https:\/\/cartium.eu\/it\/wp-json\/wp\/v2\/media?parent=1313"}],"wp:term":[{"taxonomy":"product_brand","embeddable":true,"href":"https:\/\/cartium.eu\/it\/wp-json\/wp\/v2\/product_brand?post=1313"},{"taxonomy":"product_cat","embeddable":true,"href":"https:\/\/cartium.eu\/it\/wp-json\/wp\/v2\/product_cat?post=1313"},{"taxonomy":"product_tag","embeddable":true,"href":"https:\/\/cartium.eu\/it\/wp-json\/wp\/v2\/product_tag?post=1313"}],"curies":[{"name":"wp","href":"https:\/\/api.w.org\/{rel}","templated":true}]}}