{"id":13288,"date":"2022-12-29T14:13:12","date_gmt":"2022-12-29T13:13:12","guid":{"rendered":"https:\/\/cartium.eu\/it\/?post_type=product&#038;p=13288"},"modified":"2022-12-29T14:21:13","modified_gmt":"2022-12-29T13:21:13","slug":"reggiseno-posturale-e-con-corpetto","status":"publish","type":"product","link":"https:\/\/cartium.eu\/it\/prodotto\/reggiseno-posturale-e-con-corpetto\/","title":{"rendered":"Reggiseno posturale e con corpetto"},"content":{"rendered":"","protected":false},"excerpt":{"rendered":"<p>Un fantastico reggiseno a tripla azione sosterr\u00e0 il busto, corregger\u00e0 la postura e snellir\u00e0 la vita. Massime prestazioni con un comfort completo.<\/p>\n","protected":false},"featured_media":13300,"comment_status":"closed","ping_status":"closed","template":"","meta":{"inline_featured_image":false},"product_brand":[],"product_cat":[15],"product_tag":[],"class_list":{"0":"post-13288","1":"product","2":"type-product","3":"status-publish","4":"has-post-thumbnail","6":"product_cat-uncategorized","8":"first","9":"instock","10":"sale","11":"taxable","12":"shipping-taxable","13":"purchasable","14":"product-type-variable"},"acf":[],"_links":{"self":[{"href":"https:\/\/cartium.eu\/it\/wp-json\/wp\/v2\/product\/13288","targetHints":{"allow":["GET"]}}],"collection":[{"href":"https:\/\/cartium.eu\/it\/wp-json\/wp\/v2\/product"}],"about":[{"href":"https:\/\/cartium.eu\/it\/wp-json\/wp\/v2\/types\/product"}],"replies":[{"embeddable":true,"href":"https:\/\/cartium.eu\/it\/wp-json\/wp\/v2\/comments?post=13288"}],"wp:featuredmedia":[{"embeddable":true,"href":"https:\/\/cartium.eu\/it\/wp-json\/wp\/v2\/media\/13300"}],"wp:attachment":[{"href":"https:\/\/cartium.eu\/it\/wp-json\/wp\/v2\/media?parent=13288"}],"wp:term":[{"taxonomy":"product_brand","embeddable":true,"href":"https:\/\/cartium.eu\/it\/wp-json\/wp\/v2\/product_brand?post=13288"},{"taxonomy":"product_cat","embeddable":true,"href":"https:\/\/cartium.eu\/it\/wp-json\/wp\/v2\/product_cat?post=13288"},{"taxonomy":"product_tag","embeddable":true,"href":"https:\/\/cartium.eu\/it\/wp-json\/wp\/v2\/product_tag?post=13288"}],"curies":[{"name":"wp","href":"https:\/\/api.w.org\/{rel}","templated":true}]}}