{"id":1347,"date":"2021-01-15T15:04:03","date_gmt":"2021-01-15T14:04:03","guid":{"rendered":"https:\/\/shopium.eu\/it\/?post_type=product&#038;p=1347"},"modified":"2021-01-15T15:07:27","modified_gmt":"2021-01-15T14:07:27","slug":"portablemini","status":"publish","type":"product","link":"https:\/\/cartium.eu\/it\/prodotto\/portablemini\/","title":{"rendered":"Mini sigilla sachetti &#8211; PortableMini"},"content":{"rendered":"","protected":false},"excerpt":{"rendered":"<ul>\n<li>Gli utensili da cucina non bastano mai, ti piacer\u00e0 tantissimo questa sigillante perch\u00e9 \u00e8 universale per tutti i tipi di sachetti.<\/li>\n<li>Basta accenderla e lasciarla riscaldare per qualche secondo, quindi chiudere i schetti in pochi minuti ovunque siate.<\/li>\n<li>Quando ottieni pi\u00f9 opzioni in un prodotto, \u00e8 un buon acquisto!<\/li>\n<li>Puoi chiudere letteralmente innumerevoli sachetti con un solo utilizzo della sigillante.<\/li>\n<\/ul>\n","protected":false},"featured_media":1348,"comment_status":"closed","ping_status":"closed","template":"","meta":{"inline_featured_image":false},"product_brand":[],"product_cat":[15],"product_tag":[],"class_list":{"0":"post-1347","1":"product","2":"type-product","3":"status-publish","4":"has-post-thumbnail","6":"product_cat-uncategorized","8":"first","9":"instock","10":"sale","11":"taxable","12":"shipping-taxable","13":"purchasable","14":"product-type-simple"},"acf":[],"_links":{"self":[{"href":"https:\/\/cartium.eu\/it\/wp-json\/wp\/v2\/product\/1347","targetHints":{"allow":["GET"]}}],"collection":[{"href":"https:\/\/cartium.eu\/it\/wp-json\/wp\/v2\/product"}],"about":[{"href":"https:\/\/cartium.eu\/it\/wp-json\/wp\/v2\/types\/product"}],"replies":[{"embeddable":true,"href":"https:\/\/cartium.eu\/it\/wp-json\/wp\/v2\/comments?post=1347"}],"wp:featuredmedia":[{"embeddable":true,"href":"https:\/\/cartium.eu\/it\/wp-json\/wp\/v2\/media\/1348"}],"wp:attachment":[{"href":"https:\/\/cartium.eu\/it\/wp-json\/wp\/v2\/media?parent=1347"}],"wp:term":[{"taxonomy":"product_brand","embeddable":true,"href":"https:\/\/cartium.eu\/it\/wp-json\/wp\/v2\/product_brand?post=1347"},{"taxonomy":"product_cat","embeddable":true,"href":"https:\/\/cartium.eu\/it\/wp-json\/wp\/v2\/product_cat?post=1347"},{"taxonomy":"product_tag","embeddable":true,"href":"https:\/\/cartium.eu\/it\/wp-json\/wp\/v2\/product_tag?post=1347"}],"curies":[{"name":"wp","href":"https:\/\/api.w.org\/{rel}","templated":true}]}}