{"id":1406,"date":"2021-01-15T15:21:13","date_gmt":"2021-01-15T14:21:13","guid":{"rendered":"https:\/\/shopium.eu\/it\/?post_type=product&#038;p=1406"},"modified":"2021-01-15T15:23:16","modified_gmt":"2021-01-15T14:23:16","slug":"jellypen","status":"publish","type":"product","link":"https:\/\/cartium.eu\/it\/prodotto\/jellypen\/","title":{"rendered":"Penne con brilantezza universali 3d &#8211; JellyPen"},"content":{"rendered":"","protected":false},"excerpt":{"rendered":"<ul>\n<li>Disegnare o colorare con questi colori vivaci evocher\u00e0 qualit\u00e0 positive nei tuoi bambini, come la creativit\u00e0 e lo sviluppo dell&#8217;immaginazione.<\/li>\n<li>Se scrivi e disegni con queste matite, otterrai un effetto tridimensionale di colori vivaci che brillano proprio come gelatina.<\/li>\n<li>Queste penne ottime in una variet\u00e0 di colori sono completamente impermeabili, resistenti agli agenti chimici e non sbiadiscono.<\/li>\n<\/ul>\n","protected":false},"featured_media":1412,"comment_status":"closed","ping_status":"closed","template":"","meta":{"inline_featured_image":false},"product_brand":[],"product_cat":[15],"product_tag":[],"class_list":{"0":"post-1406","1":"product","2":"type-product","3":"status-publish","4":"has-post-thumbnail","6":"product_cat-uncategorized","8":"first","9":"instock","10":"sale","11":"taxable","12":"shipping-taxable","13":"purchasable","14":"product-type-simple"},"acf":[],"_links":{"self":[{"href":"https:\/\/cartium.eu\/it\/wp-json\/wp\/v2\/product\/1406","targetHints":{"allow":["GET"]}}],"collection":[{"href":"https:\/\/cartium.eu\/it\/wp-json\/wp\/v2\/product"}],"about":[{"href":"https:\/\/cartium.eu\/it\/wp-json\/wp\/v2\/types\/product"}],"replies":[{"embeddable":true,"href":"https:\/\/cartium.eu\/it\/wp-json\/wp\/v2\/comments?post=1406"}],"wp:featuredmedia":[{"embeddable":true,"href":"https:\/\/cartium.eu\/it\/wp-json\/wp\/v2\/media\/1412"}],"wp:attachment":[{"href":"https:\/\/cartium.eu\/it\/wp-json\/wp\/v2\/media?parent=1406"}],"wp:term":[{"taxonomy":"product_brand","embeddable":true,"href":"https:\/\/cartium.eu\/it\/wp-json\/wp\/v2\/product_brand?post=1406"},{"taxonomy":"product_cat","embeddable":true,"href":"https:\/\/cartium.eu\/it\/wp-json\/wp\/v2\/product_cat?post=1406"},{"taxonomy":"product_tag","embeddable":true,"href":"https:\/\/cartium.eu\/it\/wp-json\/wp\/v2\/product_tag?post=1406"}],"curies":[{"name":"wp","href":"https:\/\/api.w.org\/{rel}","templated":true}]}}