{"id":1500,"date":"2021-01-15T15:57:46","date_gmt":"2021-01-15T14:57:46","guid":{"rendered":"https:\/\/shopium.eu\/it\/?post_type=product&#038;p=1500"},"modified":"2021-01-15T16:00:39","modified_gmt":"2021-01-15T15:00:39","slug":"sleeply","status":"publish","type":"product","link":"https:\/\/cartium.eu\/it\/prodotto\/sleeply\/","title":{"rendered":"Gioco e cuscino per dormire &#8211; Sleeply"},"content":{"rendered":"","protected":false},"excerpt":{"rendered":"<ul>\n<li>Porta con te in viaggio questo fantastico peluche che si trasforma facilmente in un morbido e comodo cuscino o in un sacco a pelo di cui avrai bisogno durante i lunghi viaggi in macchina o in autobus.<\/li>\n<li>Questo sacco a pelo aiuter\u00e0 i bambini a diventare indipendenti e finalmente a dormire da soli senza i loro genitori.<\/li>\n<li>Ogni bambino sar\u00e0 emozionato per un regalo cos\u00ec unico con il quale potr\u00e0 giocare e avere i sogni pi\u00f9 piacevoli e belli.<\/li>\n<\/ul>\n","protected":false},"featured_media":1507,"comment_status":"closed","ping_status":"closed","template":"","meta":{"inline_featured_image":false},"product_brand":[],"product_cat":[15],"product_tag":[],"class_list":{"0":"post-1500","1":"product","2":"type-product","3":"status-publish","4":"has-post-thumbnail","6":"product_cat-uncategorized","8":"first","9":"instock","10":"sale","11":"taxable","12":"shipping-taxable","13":"purchasable","14":"product-type-simple"},"acf":[],"_links":{"self":[{"href":"https:\/\/cartium.eu\/it\/wp-json\/wp\/v2\/product\/1500","targetHints":{"allow":["GET"]}}],"collection":[{"href":"https:\/\/cartium.eu\/it\/wp-json\/wp\/v2\/product"}],"about":[{"href":"https:\/\/cartium.eu\/it\/wp-json\/wp\/v2\/types\/product"}],"replies":[{"embeddable":true,"href":"https:\/\/cartium.eu\/it\/wp-json\/wp\/v2\/comments?post=1500"}],"wp:featuredmedia":[{"embeddable":true,"href":"https:\/\/cartium.eu\/it\/wp-json\/wp\/v2\/media\/1507"}],"wp:attachment":[{"href":"https:\/\/cartium.eu\/it\/wp-json\/wp\/v2\/media?parent=1500"}],"wp:term":[{"taxonomy":"product_brand","embeddable":true,"href":"https:\/\/cartium.eu\/it\/wp-json\/wp\/v2\/product_brand?post=1500"},{"taxonomy":"product_cat","embeddable":true,"href":"https:\/\/cartium.eu\/it\/wp-json\/wp\/v2\/product_cat?post=1500"},{"taxonomy":"product_tag","embeddable":true,"href":"https:\/\/cartium.eu\/it\/wp-json\/wp\/v2\/product_tag?post=1500"}],"curies":[{"name":"wp","href":"https:\/\/api.w.org\/{rel}","templated":true}]}}