{"id":1615,"date":"2021-01-15T16:41:42","date_gmt":"2021-01-15T15:41:42","guid":{"rendered":"https:\/\/shopium.eu\/it\/?post_type=product&#038;p=1615"},"modified":"2021-01-15T16:43:36","modified_gmt":"2021-01-15T15:43:36","slug":"wallcar","status":"publish","type":"product","link":"https:\/\/cartium.eu\/it\/prodotto\/wallcar\/","title":{"rendered":"Auto che si arrampica sui muri &#8211; WallCar"},"content":{"rendered":"","protected":false},"excerpt":{"rendered":"<ul>\n<li>Questa fantastica macchina sfida la gravit\u00e0 e guida senza problemi su qualsiasi superficie, che si tratti di finestre, pareti o persino il soffitto, e non cadr\u00e0!<\/li>\n<li>Un&#8217;auto telecomandata super leggera, veloce e resistente, sar\u00e0 molto divertente per i vostri piccoli, ma anche per le generazioni un po &#8216;pi\u00f9 anziane, perch\u00e9 stupir\u00e0 tutti con le sue propriet\u00e0 antigravit\u00e0.<\/li>\n<li>Funziona secondo il principio della tecnologia di aspirazione che lo mantiene vicino alla superficie, ha dei fari super LED, oltre alla possibilit\u00e0 di ruotare di 360 gradi, il che rende questa macchina molto pratica e anche ottima per un regalo.<\/li>\n<\/ul>\n","protected":false},"featured_media":1619,"comment_status":"closed","ping_status":"closed","template":"","meta":{"inline_featured_image":false},"product_brand":[],"product_cat":[15],"product_tag":[],"class_list":{"0":"post-1615","1":"product","2":"type-product","3":"status-publish","4":"has-post-thumbnail","6":"product_cat-uncategorized","8":"first","9":"instock","10":"sale","11":"taxable","12":"shipping-taxable","13":"purchasable","14":"product-type-simple"},"acf":[],"_links":{"self":[{"href":"https:\/\/cartium.eu\/it\/wp-json\/wp\/v2\/product\/1615","targetHints":{"allow":["GET"]}}],"collection":[{"href":"https:\/\/cartium.eu\/it\/wp-json\/wp\/v2\/product"}],"about":[{"href":"https:\/\/cartium.eu\/it\/wp-json\/wp\/v2\/types\/product"}],"replies":[{"embeddable":true,"href":"https:\/\/cartium.eu\/it\/wp-json\/wp\/v2\/comments?post=1615"}],"wp:featuredmedia":[{"embeddable":true,"href":"https:\/\/cartium.eu\/it\/wp-json\/wp\/v2\/media\/1619"}],"wp:attachment":[{"href":"https:\/\/cartium.eu\/it\/wp-json\/wp\/v2\/media?parent=1615"}],"wp:term":[{"taxonomy":"product_brand","embeddable":true,"href":"https:\/\/cartium.eu\/it\/wp-json\/wp\/v2\/product_brand?post=1615"},{"taxonomy":"product_cat","embeddable":true,"href":"https:\/\/cartium.eu\/it\/wp-json\/wp\/v2\/product_cat?post=1615"},{"taxonomy":"product_tag","embeddable":true,"href":"https:\/\/cartium.eu\/it\/wp-json\/wp\/v2\/product_tag?post=1615"}],"curies":[{"name":"wp","href":"https:\/\/api.w.org\/{rel}","templated":true}]}}