{"id":17982,"date":"2023-04-28T12:29:38","date_gmt":"2023-04-28T10:29:38","guid":{"rendered":"https:\/\/cartium.eu\/it\/?post_type=product&#038;p=17982"},"modified":"2023-04-28T12:32:58","modified_gmt":"2023-04-28T10:32:58","slug":"nebulizzatore-dacqua-con-sistema-di-nebulizzazione-per-macchine-da-taglio","status":"publish","type":"product","link":"https:\/\/cartium.eu\/it\/prodotto\/nebulizzatore-dacqua-con-sistema-di-nebulizzazione-per-macchine-da-taglio\/","title":{"rendered":"Nebulizzatore d&#8217;acqua con sistema di nebulizzazione per macchine da taglio"},"content":{"rendered":"","protected":false},"excerpt":{"rendered":"<p>&nbsp;<\/p>\n<p>Taglia pi\u00f9 velocemente, in modo pi\u00f9 efficiente e pi\u00f9 ordinato con lo strumento mirino. Un eccellente seguito che ti aiuter\u00e0 ad essere ottimale nel tuo lavoro.<\/p>\n","protected":false},"featured_media":17987,"comment_status":"closed","ping_status":"closed","template":"","meta":{"inline_featured_image":false},"product_brand":[],"product_cat":[15],"product_tag":[],"class_list":{"0":"post-17982","1":"product","2":"type-product","3":"status-publish","4":"has-post-thumbnail","6":"product_cat-uncategorized","8":"first","9":"instock","10":"sale","11":"taxable","12":"shipping-taxable","13":"purchasable","14":"product-type-simple"},"acf":[],"_links":{"self":[{"href":"https:\/\/cartium.eu\/it\/wp-json\/wp\/v2\/product\/17982","targetHints":{"allow":["GET"]}}],"collection":[{"href":"https:\/\/cartium.eu\/it\/wp-json\/wp\/v2\/product"}],"about":[{"href":"https:\/\/cartium.eu\/it\/wp-json\/wp\/v2\/types\/product"}],"replies":[{"embeddable":true,"href":"https:\/\/cartium.eu\/it\/wp-json\/wp\/v2\/comments?post=17982"}],"wp:featuredmedia":[{"embeddable":true,"href":"https:\/\/cartium.eu\/it\/wp-json\/wp\/v2\/media\/17987"}],"wp:attachment":[{"href":"https:\/\/cartium.eu\/it\/wp-json\/wp\/v2\/media?parent=17982"}],"wp:term":[{"taxonomy":"product_brand","embeddable":true,"href":"https:\/\/cartium.eu\/it\/wp-json\/wp\/v2\/product_brand?post=17982"},{"taxonomy":"product_cat","embeddable":true,"href":"https:\/\/cartium.eu\/it\/wp-json\/wp\/v2\/product_cat?post=17982"},{"taxonomy":"product_tag","embeddable":true,"href":"https:\/\/cartium.eu\/it\/wp-json\/wp\/v2\/product_tag?post=17982"}],"curies":[{"name":"wp","href":"https:\/\/api.w.org\/{rel}","templated":true}]}}