{"id":22307,"date":"2023-07-23T09:48:13","date_gmt":"2023-07-23T07:48:13","guid":{"rendered":"https:\/\/cartium.eu\/it\/?post_type=product&#038;p=22307"},"modified":"2023-07-24T12:50:05","modified_gmt":"2023-07-24T10:50:05","slug":"perline-di-legno-per-bambini","status":"publish","type":"product","link":"https:\/\/cartium.eu\/it\/prodotto\/perline-di-legno-per-bambini\/","title":{"rendered":"Perline di legno per bambini"},"content":{"rendered":"","protected":false},"excerpt":{"rendered":"<p>Perline in legno naturale e vernici atossiche \u00e8 un gioco da tavolo educativo montessori di abbinamento dei colori. \u00c8 ideale per lo sviluppo delle capacit\u00e0 motorie fini e la coordinazione dei movimenti delle mani e degli occhi nei vostri piccoli.<\/p>\n","protected":false},"featured_media":22308,"comment_status":"closed","ping_status":"closed","template":"","meta":{"inline_featured_image":false},"product_brand":[],"product_cat":[15],"product_tag":[],"class_list":{"0":"post-22307","1":"product","2":"type-product","3":"status-publish","4":"has-post-thumbnail","6":"product_cat-uncategorized","8":"first","9":"instock","10":"sale","11":"taxable","12":"shipping-taxable","13":"purchasable","14":"product-type-simple"},"acf":[],"_links":{"self":[{"href":"https:\/\/cartium.eu\/it\/wp-json\/wp\/v2\/product\/22307","targetHints":{"allow":["GET"]}}],"collection":[{"href":"https:\/\/cartium.eu\/it\/wp-json\/wp\/v2\/product"}],"about":[{"href":"https:\/\/cartium.eu\/it\/wp-json\/wp\/v2\/types\/product"}],"replies":[{"embeddable":true,"href":"https:\/\/cartium.eu\/it\/wp-json\/wp\/v2\/comments?post=22307"}],"wp:featuredmedia":[{"embeddable":true,"href":"https:\/\/cartium.eu\/it\/wp-json\/wp\/v2\/media\/22308"}],"wp:attachment":[{"href":"https:\/\/cartium.eu\/it\/wp-json\/wp\/v2\/media?parent=22307"}],"wp:term":[{"taxonomy":"product_brand","embeddable":true,"href":"https:\/\/cartium.eu\/it\/wp-json\/wp\/v2\/product_brand?post=22307"},{"taxonomy":"product_cat","embeddable":true,"href":"https:\/\/cartium.eu\/it\/wp-json\/wp\/v2\/product_cat?post=22307"},{"taxonomy":"product_tag","embeddable":true,"href":"https:\/\/cartium.eu\/it\/wp-json\/wp\/v2\/product_tag?post=22307"}],"curies":[{"name":"wp","href":"https:\/\/api.w.org\/{rel}","templated":true}]}}