{"id":3179,"date":"2021-02-12T09:40:29","date_gmt":"2021-02-12T08:40:29","guid":{"rendered":"https:\/\/shopium.eu\/it\/?post_type=product&#038;p=3179"},"modified":"2021-10-06T09:50:01","modified_gmt":"2021-10-06T07:50:01","slug":"sverniciatore-liquido-colorends","status":"publish","type":"product","link":"https:\/\/cartium.eu\/it\/prodotto\/sverniciatore-liquido-colorends\/","title":{"rendered":"Sverniciatore liquido &#8211;  ColorEnds"},"content":{"rendered":"","protected":false},"excerpt":{"rendered":"<p>Uno sverniciatore ultra efficiente che funziona su diverse superfici ti sorprender\u00e0 con la sua velocit\u00e0 di dissoluzione della vernice in soli 10 minuti e un&#8217;ampia gamma di applicazioni. La quantit\u00e0 nella bottiglia \u00e8 sufficiente per un&#8217;area di 3 m2.<\/p>\n","protected":false},"featured_media":3449,"comment_status":"closed","ping_status":"closed","template":"","meta":{"inline_featured_image":false},"product_brand":[],"product_cat":[15,25,27,24],"product_tag":[],"class_list":{"0":"post-3179","1":"product","2":"type-product","3":"status-publish","4":"has-post-thumbnail","6":"product_cat-uncategorized","7":"product_cat-car","8":"product_cat-home","9":"product_cat-sale","11":"first","12":"instock","13":"sale","14":"taxable","15":"shipping-taxable","16":"purchasable","17":"product-type-simple"},"acf":[],"_links":{"self":[{"href":"https:\/\/cartium.eu\/it\/wp-json\/wp\/v2\/product\/3179","targetHints":{"allow":["GET"]}}],"collection":[{"href":"https:\/\/cartium.eu\/it\/wp-json\/wp\/v2\/product"}],"about":[{"href":"https:\/\/cartium.eu\/it\/wp-json\/wp\/v2\/types\/product"}],"replies":[{"embeddable":true,"href":"https:\/\/cartium.eu\/it\/wp-json\/wp\/v2\/comments?post=3179"}],"wp:featuredmedia":[{"embeddable":true,"href":"https:\/\/cartium.eu\/it\/wp-json\/wp\/v2\/media\/3449"}],"wp:attachment":[{"href":"https:\/\/cartium.eu\/it\/wp-json\/wp\/v2\/media?parent=3179"}],"wp:term":[{"taxonomy":"product_brand","embeddable":true,"href":"https:\/\/cartium.eu\/it\/wp-json\/wp\/v2\/product_brand?post=3179"},{"taxonomy":"product_cat","embeddable":true,"href":"https:\/\/cartium.eu\/it\/wp-json\/wp\/v2\/product_cat?post=3179"},{"taxonomy":"product_tag","embeddable":true,"href":"https:\/\/cartium.eu\/it\/wp-json\/wp\/v2\/product_tag?post=3179"}],"curies":[{"name":"wp","href":"https:\/\/api.w.org\/{rel}","templated":true}]}}